{"id":6900,"date":"2026-01-14T11:57:16","date_gmt":"2026-01-14T14:57:16","guid":{"rendered":"https:\/\/www.dsm.com.br\/produto\/sin categor\u00eda\/serie-f\/"},"modified":"2026-01-14T11:57:16","modified_gmt":"2026-01-14T14:57:16","slug":"serie-f","status":"publish","type":"product","link":"https:\/\/www.dsm.com.br\/es\/produto\/maquinas-de-impresion-y-envases\/guillotinas-para-papel-y-carton\/serie-f\/","title":{"rendered":"Serie F+"},"content":{"rendered":"<p>Guillotina hidr\u00e1ulica embrague para papel y cart\u00f3n serie F +<\/p>\n<p> mesa extendida, embrague hidr\u00e1ulico, bloque hidr\u00e1ulico italiano, bloqueo electr\u00f3nico<\/p>\n<p> de cuchillo<\/p>\n<p>Anchos de corte: 78, 92, 115, 130, 137, 166, 186, 220, 260<\/p>\n<p>cm Velocidad: 8 a 25 m\/min<\/p>\n","protected":false},"excerpt":{"rendered":"<p>Guillotina hidr\u00e1ulica embrague para papel y cart\u00f3n serie F + mesa extendida, embrague hidr\u00e1ulico, bloque hidr\u00e1ulico italiano, bloqueo electr\u00f3nico de cuchillo Anchos de corte: 78, 92, 115, 130, 137, 166, 186, 220, 260 cm Velocidad: 8 a 25 m\/min<\/p>\n","protected":false},"featured_media":3696,"comment_status":"open","ping_status":"closed","template":"","meta":{"_acf_changed":false},"product_brand":[],"product_cat":[812],"product_tag":[],"class_list":{"0":"post-6900","1":"product","2":"type-product","3":"status-publish","4":"has-post-thumbnail","6":"product_cat-guillotinas-para-papel-y-carton","8":"first","9":"instock","10":"taxable","11":"shipping-taxable","12":"product-type-simple"},"acf":[],"yoast_head":"<!-- This site is optimized with the Yoast SEO plugin v27.0 - https:\/\/yoast.com\/product\/yoast-seo-wordpress\/ -->\n<title>Serie F+ - DSM M\u00e1quinas<\/title>\n<meta name=\"robots\" content=\"index, follow, max-snippet:-1, max-image-preview:large, max-video-preview:-1\" \/>\n<link rel=\"canonical\" href=\"https:\/\/www.dsm.com.br\/es\/produto\/maquinas-de-impresion-y-envases\/guillotinas-para-papel-y-carton\/serie-f\/\" \/>\n<meta property=\"og:locale\" content=\"es_ES\" \/>\n<meta property=\"og:type\" content=\"article\" \/>\n<meta property=\"og:title\" content=\"Serie F+ - DSM M\u00e1quinas\" \/>\n<meta property=\"og:description\" content=\"Guillotina hidr\u00e1ulica embrague para papel y cart\u00f3n serie F + mesa extendida, embrague hidr\u00e1ulico, bloque hidr\u00e1ulico italiano, bloqueo electr\u00f3nico de cuchillo Anchos de corte: 78, 92, 115, 130, 137, 166, 186, 220, 260 cm Velocidad: 8 a 25 m\/min\" \/>\n<meta property=\"og:url\" content=\"https:\/\/www.dsm.com.br\/es\/produto\/maquinas-de-impresion-y-envases\/guillotinas-para-papel-y-carton\/serie-f\/\" \/>\n<meta property=\"og:site_name\" content=\"DSM M\u00e1quinas\" \/>\n<meta property=\"og:image\" content=\"https:\/\/www.dsm.com.br\/wp-content\/uploads\/2026\/01\/Serie-F-Plus.jpg\" \/>\n\t<meta property=\"og:image:width\" content=\"846\" \/>\n\t<meta property=\"og:image:height\" content=\"464\" \/>\n\t<meta property=\"og:image:type\" content=\"image\/jpeg\" \/>\n<meta name=\"twitter:card\" content=\"summary_large_image\" \/>\n<script type=\"application\/ld+json\" class=\"yoast-schema-graph\">{\"@context\":\"https:\/\/schema.org\",\"@graph\":[{\"@type\":\"WebPage\",\"@id\":\"https:\/\/www.dsm.com.br\/es\/produto\/maquinas-de-impresion-y-envases\/guillotinas-para-papel-y-carton\/serie-f\/\",\"url\":\"https:\/\/www.dsm.com.br\/es\/produto\/maquinas-de-impresion-y-envases\/guillotinas-para-papel-y-carton\/serie-f\/\",\"name\":\"Serie F+ - DSM M\u00e1quinas\",\"isPartOf\":{\"@id\":\"https:\/\/www.dsm.com.br\/es\/#website\"},\"primaryImageOfPage\":{\"@id\":\"https:\/\/www.dsm.com.br\/es\/produto\/maquinas-de-impresion-y-envases\/guillotinas-para-papel-y-carton\/serie-f\/#primaryimage\"},\"image\":{\"@id\":\"https:\/\/www.dsm.com.br\/es\/produto\/maquinas-de-impresion-y-envases\/guillotinas-para-papel-y-carton\/serie-f\/#primaryimage\"},\"thumbnailUrl\":\"https:\/\/www.dsm.com.br\/wp-content\/uploads\/2026\/01\/Serie-F-Plus.jpg\",\"datePublished\":\"2026-01-14T14:57:16+00:00\",\"breadcrumb\":{\"@id\":\"https:\/\/www.dsm.com.br\/es\/produto\/maquinas-de-impresion-y-envases\/guillotinas-para-papel-y-carton\/serie-f\/#breadcrumb\"},\"inLanguage\":\"es\",\"potentialAction\":[{\"@type\":\"ReadAction\",\"target\":[\"https:\/\/www.dsm.com.br\/es\/produto\/maquinas-de-impresion-y-envases\/guillotinas-para-papel-y-carton\/serie-f\/\"]}]},{\"@type\":\"ImageObject\",\"inLanguage\":\"es\",\"@id\":\"https:\/\/www.dsm.com.br\/es\/produto\/maquinas-de-impresion-y-envases\/guillotinas-para-papel-y-carton\/serie-f\/#primaryimage\",\"url\":\"https:\/\/www.dsm.com.br\/wp-content\/uploads\/2026\/01\/Serie-F-Plus.jpg\",\"contentUrl\":\"https:\/\/www.dsm.com.br\/wp-content\/uploads\/2026\/01\/Serie-F-Plus.jpg\",\"width\":846,\"height\":464},{\"@type\":\"BreadcrumbList\",\"@id\":\"https:\/\/www.dsm.com.br\/es\/produto\/maquinas-de-impresion-y-envases\/guillotinas-para-papel-y-carton\/serie-f\/#breadcrumb\",\"itemListElement\":[{\"@type\":\"ListItem\",\"position\":1,\"name\":\"In\u00edcio\",\"item\":\"https:\/\/www.dsm.com.br\/es\/\"},{\"@type\":\"ListItem\",\"position\":2,\"name\":\"Productos\",\"item\":\"https:\/\/www.dsm.com.br\/es\/shop\/\"},{\"@type\":\"ListItem\",\"position\":3,\"name\":\"Serie F+\"}]},{\"@type\":\"WebSite\",\"@id\":\"https:\/\/www.dsm.com.br\/es\/#website\",\"url\":\"https:\/\/www.dsm.com.br\/es\/\",\"name\":\"DSM M\u00e1quinas\",\"description\":\"\",\"potentialAction\":[{\"@type\":\"SearchAction\",\"target\":{\"@type\":\"EntryPoint\",\"urlTemplate\":\"https:\/\/www.dsm.com.br\/es\/?s={search_term_string}\"},\"query-input\":{\"@type\":\"PropertyValueSpecification\",\"valueRequired\":true,\"valueName\":\"search_term_string\"}}],\"inLanguage\":\"es\"}]}<\/script>\n<!-- \/ Yoast SEO plugin. -->","yoast_head_json":{"title":"Serie F+ - DSM M\u00e1quinas","robots":{"index":"index","follow":"follow","max-snippet":"max-snippet:-1","max-image-preview":"max-image-preview:large","max-video-preview":"max-video-preview:-1"},"canonical":"https:\/\/www.dsm.com.br\/es\/produto\/maquinas-de-impresion-y-envases\/guillotinas-para-papel-y-carton\/serie-f\/","og_locale":"es_ES","og_type":"article","og_title":"Serie F+ - DSM M\u00e1quinas","og_description":"Guillotina hidr\u00e1ulica embrague para papel y cart\u00f3n serie F + mesa extendida, embrague hidr\u00e1ulico, bloque hidr\u00e1ulico italiano, bloqueo electr\u00f3nico de cuchillo Anchos de corte: 78, 92, 115, 130, 137, 166, 186, 220, 260 cm Velocidad: 8 a 25 m\/min","og_url":"https:\/\/www.dsm.com.br\/es\/produto\/maquinas-de-impresion-y-envases\/guillotinas-para-papel-y-carton\/serie-f\/","og_site_name":"DSM M\u00e1quinas","og_image":[{"width":846,"height":464,"url":"https:\/\/www.dsm.com.br\/wp-content\/uploads\/2026\/01\/Serie-F-Plus.jpg","type":"image\/jpeg"}],"twitter_card":"summary_large_image","schema":{"@context":"https:\/\/schema.org","@graph":[{"@type":"WebPage","@id":"https:\/\/www.dsm.com.br\/es\/produto\/maquinas-de-impresion-y-envases\/guillotinas-para-papel-y-carton\/serie-f\/","url":"https:\/\/www.dsm.com.br\/es\/produto\/maquinas-de-impresion-y-envases\/guillotinas-para-papel-y-carton\/serie-f\/","name":"Serie F+ - DSM M\u00e1quinas","isPartOf":{"@id":"https:\/\/www.dsm.com.br\/es\/#website"},"primaryImageOfPage":{"@id":"https:\/\/www.dsm.com.br\/es\/produto\/maquinas-de-impresion-y-envases\/guillotinas-para-papel-y-carton\/serie-f\/#primaryimage"},"image":{"@id":"https:\/\/www.dsm.com.br\/es\/produto\/maquinas-de-impresion-y-envases\/guillotinas-para-papel-y-carton\/serie-f\/#primaryimage"},"thumbnailUrl":"https:\/\/www.dsm.com.br\/wp-content\/uploads\/2026\/01\/Serie-F-Plus.jpg","datePublished":"2026-01-14T14:57:16+00:00","breadcrumb":{"@id":"https:\/\/www.dsm.com.br\/es\/produto\/maquinas-de-impresion-y-envases\/guillotinas-para-papel-y-carton\/serie-f\/#breadcrumb"},"inLanguage":"es","potentialAction":[{"@type":"ReadAction","target":["https:\/\/www.dsm.com.br\/es\/produto\/maquinas-de-impresion-y-envases\/guillotinas-para-papel-y-carton\/serie-f\/"]}]},{"@type":"ImageObject","inLanguage":"es","@id":"https:\/\/www.dsm.com.br\/es\/produto\/maquinas-de-impresion-y-envases\/guillotinas-para-papel-y-carton\/serie-f\/#primaryimage","url":"https:\/\/www.dsm.com.br\/wp-content\/uploads\/2026\/01\/Serie-F-Plus.jpg","contentUrl":"https:\/\/www.dsm.com.br\/wp-content\/uploads\/2026\/01\/Serie-F-Plus.jpg","width":846,"height":464},{"@type":"BreadcrumbList","@id":"https:\/\/www.dsm.com.br\/es\/produto\/maquinas-de-impresion-y-envases\/guillotinas-para-papel-y-carton\/serie-f\/#breadcrumb","itemListElement":[{"@type":"ListItem","position":1,"name":"In\u00edcio","item":"https:\/\/www.dsm.com.br\/es\/"},{"@type":"ListItem","position":2,"name":"Productos","item":"https:\/\/www.dsm.com.br\/es\/shop\/"},{"@type":"ListItem","position":3,"name":"Serie F+"}]},{"@type":"WebSite","@id":"https:\/\/www.dsm.com.br\/es\/#website","url":"https:\/\/www.dsm.com.br\/es\/","name":"DSM M\u00e1quinas","description":"","potentialAction":[{"@type":"SearchAction","target":{"@type":"EntryPoint","urlTemplate":"https:\/\/www.dsm.com.br\/es\/?s={search_term_string}"},"query-input":{"@type":"PropertyValueSpecification","valueRequired":true,"valueName":"search_term_string"}}],"inLanguage":"es"}]}},"_links":{"self":[{"href":"https:\/\/www.dsm.com.br\/es\/wp-json\/wp\/v2\/product\/6900","targetHints":{"allow":["GET"]}}],"collection":[{"href":"https:\/\/www.dsm.com.br\/es\/wp-json\/wp\/v2\/product"}],"about":[{"href":"https:\/\/www.dsm.com.br\/es\/wp-json\/wp\/v2\/types\/product"}],"replies":[{"embeddable":true,"href":"https:\/\/www.dsm.com.br\/es\/wp-json\/wp\/v2\/comments?post=6900"}],"wp:featuredmedia":[{"embeddable":true,"href":"https:\/\/www.dsm.com.br\/es\/wp-json\/wp\/v2\/media\/3696"}],"wp:attachment":[{"href":"https:\/\/www.dsm.com.br\/es\/wp-json\/wp\/v2\/media?parent=6900"}],"wp:term":[{"taxonomy":"product_brand","embeddable":true,"href":"https:\/\/www.dsm.com.br\/es\/wp-json\/wp\/v2\/product_brand?post=6900"},{"taxonomy":"product_cat","embeddable":true,"href":"https:\/\/www.dsm.com.br\/es\/wp-json\/wp\/v2\/product_cat?post=6900"},{"taxonomy":"product_tag","embeddable":true,"href":"https:\/\/www.dsm.com.br\/es\/wp-json\/wp\/v2\/product_tag?post=6900"}],"curies":[{"name":"wp","href":"https:\/\/api.w.org\/{rel}","templated":true}]}}