{"id":6253,"date":"2026-01-21T15:22:39","date_gmt":"2026-01-21T18:22:39","guid":{"rendered":"https:\/\/www.dsm.com.br\/produto\/sin categor\u00eda\/serie-irm-2\/"},"modified":"2026-01-21T15:22:39","modified_gmt":"2026-01-21T18:22:39","slug":"serie-irm-2","status":"publish","type":"product","link":"https:\/\/www.dsm.com.br\/es\/produto\/maquinaria-metalica\/maquinas-de-doblar-placas\/serie-irm-2\/","title":{"rendered":"SERIE IRM"},"content":{"rendered":"<p>Calendario de placas 3 rodillos motorizados asim\u00e9tricos<\/p>\n<p>rodillos motorizados superior e inferior<\/p>\n<p>Rodillos superiores: \u00d846 ~ \u00d856 ~ \u00d868 ~ \u00d875mm<\/p>\n<p>Ancho: 1050 ~ 1270 ~ 1550 ~ 2050 mm<\/p>\n","protected":false},"excerpt":{"rendered":"<p>Calendario de placas 3 rodillos motorizados asim\u00e9tricos rodillos motorizados superior e inferior Rodillos superiores: \u00d846 ~ \u00d856 ~ \u00d868 ~ \u00d875mm Ancho: 1050 ~ 1270 ~ 1550 ~ 2050 mm<\/p>\n","protected":false},"featured_media":3225,"comment_status":"open","ping_status":"closed","template":"","meta":{"_acf_changed":false},"product_brand":[],"product_cat":[504],"product_tag":[],"class_list":{"0":"post-6253","1":"product","2":"type-product","3":"status-publish","4":"has-post-thumbnail","6":"product_cat-maquinas-de-doblar-placas","8":"first","9":"instock","10":"taxable","11":"shipping-taxable","12":"product-type-simple"},"acf":[],"yoast_head":"<!-- This site is optimized with the Yoast SEO plugin v27.0 - https:\/\/yoast.com\/product\/yoast-seo-wordpress\/ -->\n<title>SERIE IRM - DSM M\u00e1quinas<\/title>\n<meta name=\"robots\" content=\"index, follow, max-snippet:-1, max-image-preview:large, max-video-preview:-1\" \/>\n<link rel=\"canonical\" href=\"https:\/\/www.dsm.com.br\/es\/produto\/maquinaria-metalica\/maquinas-de-doblar-placas\/serie-irm-2\/\" \/>\n<meta property=\"og:locale\" content=\"es_ES\" \/>\n<meta property=\"og:type\" content=\"article\" \/>\n<meta property=\"og:title\" content=\"SERIE IRM - DSM M\u00e1quinas\" \/>\n<meta property=\"og:description\" content=\"Calendario de placas 3 rodillos motorizados asim\u00e9tricos rodillos motorizados superior e inferior Rodillos superiores: \u00d846 ~ \u00d856 ~ \u00d868 ~ \u00d875mm Ancho: 1050 ~ 1270 ~ 1550 ~ 2050 mm\" \/>\n<meta property=\"og:url\" content=\"https:\/\/www.dsm.com.br\/es\/produto\/maquinaria-metalica\/maquinas-de-doblar-placas\/serie-irm-2\/\" \/>\n<meta property=\"og:site_name\" content=\"DSM M\u00e1quinas\" \/>\n<meta property=\"og:image\" content=\"https:\/\/www.dsm.com.br\/wp-content\/uploads\/2026\/01\/IR-1550X75.jpg\" \/>\n\t<meta property=\"og:image:width\" content=\"1012\" \/>\n\t<meta property=\"og:image:height\" content=\"864\" \/>\n\t<meta property=\"og:image:type\" content=\"image\/jpeg\" \/>\n<meta name=\"twitter:card\" content=\"summary_large_image\" \/>\n<script type=\"application\/ld+json\" class=\"yoast-schema-graph\">{\"@context\":\"https:\/\/schema.org\",\"@graph\":[{\"@type\":\"WebPage\",\"@id\":\"https:\/\/www.dsm.com.br\/es\/produto\/maquinaria-metalica\/maquinas-de-doblar-placas\/serie-irm-2\/\",\"url\":\"https:\/\/www.dsm.com.br\/es\/produto\/maquinaria-metalica\/maquinas-de-doblar-placas\/serie-irm-2\/\",\"name\":\"SERIE IRM - DSM M\u00e1quinas\",\"isPartOf\":{\"@id\":\"https:\/\/www.dsm.com.br\/es\/#website\"},\"primaryImageOfPage\":{\"@id\":\"https:\/\/www.dsm.com.br\/es\/produto\/maquinaria-metalica\/maquinas-de-doblar-placas\/serie-irm-2\/#primaryimage\"},\"image\":{\"@id\":\"https:\/\/www.dsm.com.br\/es\/produto\/maquinaria-metalica\/maquinas-de-doblar-placas\/serie-irm-2\/#primaryimage\"},\"thumbnailUrl\":\"https:\/\/www.dsm.com.br\/wp-content\/uploads\/2026\/01\/IR-1550X75.jpg\",\"datePublished\":\"2026-01-21T18:22:39+00:00\",\"breadcrumb\":{\"@id\":\"https:\/\/www.dsm.com.br\/es\/produto\/maquinaria-metalica\/maquinas-de-doblar-placas\/serie-irm-2\/#breadcrumb\"},\"inLanguage\":\"es\",\"potentialAction\":[{\"@type\":\"ReadAction\",\"target\":[\"https:\/\/www.dsm.com.br\/es\/produto\/maquinaria-metalica\/maquinas-de-doblar-placas\/serie-irm-2\/\"]}]},{\"@type\":\"ImageObject\",\"inLanguage\":\"es\",\"@id\":\"https:\/\/www.dsm.com.br\/es\/produto\/maquinaria-metalica\/maquinas-de-doblar-placas\/serie-irm-2\/#primaryimage\",\"url\":\"https:\/\/www.dsm.com.br\/wp-content\/uploads\/2026\/01\/IR-1550X75.jpg\",\"contentUrl\":\"https:\/\/www.dsm.com.br\/wp-content\/uploads\/2026\/01\/IR-1550X75.jpg\",\"width\":1012,\"height\":864},{\"@type\":\"BreadcrumbList\",\"@id\":\"https:\/\/www.dsm.com.br\/es\/produto\/maquinaria-metalica\/maquinas-de-doblar-placas\/serie-irm-2\/#breadcrumb\",\"itemListElement\":[{\"@type\":\"ListItem\",\"position\":1,\"name\":\"In\u00edcio\",\"item\":\"https:\/\/www.dsm.com.br\/es\/\"},{\"@type\":\"ListItem\",\"position\":2,\"name\":\"Productos\",\"item\":\"https:\/\/www.dsm.com.br\/es\/shop\/\"},{\"@type\":\"ListItem\",\"position\":3,\"name\":\"SERIE IRM\"}]},{\"@type\":\"WebSite\",\"@id\":\"https:\/\/www.dsm.com.br\/es\/#website\",\"url\":\"https:\/\/www.dsm.com.br\/es\/\",\"name\":\"DSM M\u00e1quinas\",\"description\":\"\",\"potentialAction\":[{\"@type\":\"SearchAction\",\"target\":{\"@type\":\"EntryPoint\",\"urlTemplate\":\"https:\/\/www.dsm.com.br\/es\/?s={search_term_string}\"},\"query-input\":{\"@type\":\"PropertyValueSpecification\",\"valueRequired\":true,\"valueName\":\"search_term_string\"}}],\"inLanguage\":\"es\"}]}<\/script>\n<!-- \/ Yoast SEO plugin. -->","yoast_head_json":{"title":"SERIE IRM - DSM M\u00e1quinas","robots":{"index":"index","follow":"follow","max-snippet":"max-snippet:-1","max-image-preview":"max-image-preview:large","max-video-preview":"max-video-preview:-1"},"canonical":"https:\/\/www.dsm.com.br\/es\/produto\/maquinaria-metalica\/maquinas-de-doblar-placas\/serie-irm-2\/","og_locale":"es_ES","og_type":"article","og_title":"SERIE IRM - DSM M\u00e1quinas","og_description":"Calendario de placas 3 rodillos motorizados asim\u00e9tricos rodillos motorizados superior e inferior Rodillos superiores: \u00d846 ~ \u00d856 ~ \u00d868 ~ \u00d875mm Ancho: 1050 ~ 1270 ~ 1550 ~ 2050 mm","og_url":"https:\/\/www.dsm.com.br\/es\/produto\/maquinaria-metalica\/maquinas-de-doblar-placas\/serie-irm-2\/","og_site_name":"DSM M\u00e1quinas","og_image":[{"width":1012,"height":864,"url":"https:\/\/www.dsm.com.br\/wp-content\/uploads\/2026\/01\/IR-1550X75.jpg","type":"image\/jpeg"}],"twitter_card":"summary_large_image","schema":{"@context":"https:\/\/schema.org","@graph":[{"@type":"WebPage","@id":"https:\/\/www.dsm.com.br\/es\/produto\/maquinaria-metalica\/maquinas-de-doblar-placas\/serie-irm-2\/","url":"https:\/\/www.dsm.com.br\/es\/produto\/maquinaria-metalica\/maquinas-de-doblar-placas\/serie-irm-2\/","name":"SERIE IRM - DSM M\u00e1quinas","isPartOf":{"@id":"https:\/\/www.dsm.com.br\/es\/#website"},"primaryImageOfPage":{"@id":"https:\/\/www.dsm.com.br\/es\/produto\/maquinaria-metalica\/maquinas-de-doblar-placas\/serie-irm-2\/#primaryimage"},"image":{"@id":"https:\/\/www.dsm.com.br\/es\/produto\/maquinaria-metalica\/maquinas-de-doblar-placas\/serie-irm-2\/#primaryimage"},"thumbnailUrl":"https:\/\/www.dsm.com.br\/wp-content\/uploads\/2026\/01\/IR-1550X75.jpg","datePublished":"2026-01-21T18:22:39+00:00","breadcrumb":{"@id":"https:\/\/www.dsm.com.br\/es\/produto\/maquinaria-metalica\/maquinas-de-doblar-placas\/serie-irm-2\/#breadcrumb"},"inLanguage":"es","potentialAction":[{"@type":"ReadAction","target":["https:\/\/www.dsm.com.br\/es\/produto\/maquinaria-metalica\/maquinas-de-doblar-placas\/serie-irm-2\/"]}]},{"@type":"ImageObject","inLanguage":"es","@id":"https:\/\/www.dsm.com.br\/es\/produto\/maquinaria-metalica\/maquinas-de-doblar-placas\/serie-irm-2\/#primaryimage","url":"https:\/\/www.dsm.com.br\/wp-content\/uploads\/2026\/01\/IR-1550X75.jpg","contentUrl":"https:\/\/www.dsm.com.br\/wp-content\/uploads\/2026\/01\/IR-1550X75.jpg","width":1012,"height":864},{"@type":"BreadcrumbList","@id":"https:\/\/www.dsm.com.br\/es\/produto\/maquinaria-metalica\/maquinas-de-doblar-placas\/serie-irm-2\/#breadcrumb","itemListElement":[{"@type":"ListItem","position":1,"name":"In\u00edcio","item":"https:\/\/www.dsm.com.br\/es\/"},{"@type":"ListItem","position":2,"name":"Productos","item":"https:\/\/www.dsm.com.br\/es\/shop\/"},{"@type":"ListItem","position":3,"name":"SERIE IRM"}]},{"@type":"WebSite","@id":"https:\/\/www.dsm.com.br\/es\/#website","url":"https:\/\/www.dsm.com.br\/es\/","name":"DSM M\u00e1quinas","description":"","potentialAction":[{"@type":"SearchAction","target":{"@type":"EntryPoint","urlTemplate":"https:\/\/www.dsm.com.br\/es\/?s={search_term_string}"},"query-input":{"@type":"PropertyValueSpecification","valueRequired":true,"valueName":"search_term_string"}}],"inLanguage":"es"}]}},"_links":{"self":[{"href":"https:\/\/www.dsm.com.br\/es\/wp-json\/wp\/v2\/product\/6253","targetHints":{"allow":["GET"]}}],"collection":[{"href":"https:\/\/www.dsm.com.br\/es\/wp-json\/wp\/v2\/product"}],"about":[{"href":"https:\/\/www.dsm.com.br\/es\/wp-json\/wp\/v2\/types\/product"}],"replies":[{"embeddable":true,"href":"https:\/\/www.dsm.com.br\/es\/wp-json\/wp\/v2\/comments?post=6253"}],"wp:featuredmedia":[{"embeddable":true,"href":"https:\/\/www.dsm.com.br\/es\/wp-json\/wp\/v2\/media\/3225"}],"wp:attachment":[{"href":"https:\/\/www.dsm.com.br\/es\/wp-json\/wp\/v2\/media?parent=6253"}],"wp:term":[{"taxonomy":"product_brand","embeddable":true,"href":"https:\/\/www.dsm.com.br\/es\/wp-json\/wp\/v2\/product_brand?post=6253"},{"taxonomy":"product_cat","embeddable":true,"href":"https:\/\/www.dsm.com.br\/es\/wp-json\/wp\/v2\/product_cat?post=6253"},{"taxonomy":"product_tag","embeddable":true,"href":"https:\/\/www.dsm.com.br\/es\/wp-json\/wp\/v2\/product_tag?post=6253"}],"curies":[{"name":"wp","href":"https:\/\/api.w.org\/{rel}","templated":true}]}}