{"id":6139,"date":"2026-01-21T15:22:46","date_gmt":"2026-01-21T18:22:46","guid":{"rendered":"https:\/\/www.dsm.com.br\/produto\/sin categor\u00eda\/cnc-5a-doble-cabeza-5-ejes-electrico\/"},"modified":"2026-01-21T15:22:46","modified_gmt":"2026-01-21T18:22:46","slug":"cnc-5a-doble-cabeza-5-ejes-electrico","status":"publish","type":"product","link":"https:\/\/www.dsm.com.br\/es\/produto\/maquinaria-metalica\/maquinas-de-doblado-de-tubos-y-perfiles\/cnc-5a-doble-cabeza-5-ejes-electrico\/","title":{"rendered":"CNC-5A Doble Cabeza 5 Ejes &#8211; El\u00e9ctrico"},"content":{"rendered":"<p>M\u00e1quina el\u00e9ctrica de doble cabeza de 5 ejes para curvar tubos CNC con 5 servomotores<\/p>\n<p>sin capacidades de<\/p>\n<p>mandil: \u00d838,1~\u00d850,8 mm<\/p>\n","protected":false},"excerpt":{"rendered":"<p>M\u00e1quina el\u00e9ctrica de doble cabeza de 5 ejes para curvar tubos CNC con 5 servomotores sin capacidades de mandil: \u00d838,1~\u00d850,8 mm<\/p>\n","protected":false},"featured_media":3255,"comment_status":"open","ping_status":"closed","template":"","meta":{"_acf_changed":false},"product_brand":[],"product_cat":[498],"product_tag":[],"class_list":{"0":"post-6139","1":"product","2":"type-product","3":"status-publish","4":"has-post-thumbnail","6":"product_cat-maquinas-de-doblado-de-tubos-y-perfiles","8":"first","9":"instock","10":"taxable","11":"shipping-taxable","12":"product-type-simple"},"acf":[],"yoast_head":"<!-- This site is optimized with the Yoast SEO plugin v27.0 - https:\/\/yoast.com\/product\/yoast-seo-wordpress\/ -->\n<title>CNC-5A Doble Cabeza 5 Ejes - El\u00e9ctrico - DSM M\u00e1quinas<\/title>\n<meta name=\"robots\" content=\"index, follow, max-snippet:-1, max-image-preview:large, max-video-preview:-1\" \/>\n<link rel=\"canonical\" href=\"https:\/\/www.dsm.com.br\/es\/produto\/maquinaria-metalica\/maquinas-de-doblado-de-tubos-y-perfiles\/cnc-5a-doble-cabeza-5-ejes-electrico\/\" \/>\n<meta property=\"og:locale\" content=\"es_ES\" \/>\n<meta property=\"og:type\" content=\"article\" \/>\n<meta property=\"og:title\" content=\"CNC-5A Doble Cabeza 5 Ejes - El\u00e9ctrico - DSM M\u00e1quinas\" \/>\n<meta property=\"og:description\" content=\"M\u00e1quina el\u00e9ctrica de doble cabeza de 5 ejes para curvar tubos CNC con 5 servomotores sin capacidades de mandil: \u00d838,1~\u00d850,8 mm\" \/>\n<meta property=\"og:url\" content=\"https:\/\/www.dsm.com.br\/es\/produto\/maquinaria-metalica\/maquinas-de-doblado-de-tubos-y-perfiles\/cnc-5a-doble-cabeza-5-ejes-electrico\/\" \/>\n<meta property=\"og:site_name\" content=\"DSM M\u00e1quinas\" \/>\n<meta property=\"og:image\" content=\"https:\/\/www.dsm.com.br\/wp-content\/uploads\/2026\/01\/CNC-F38-5A.jpg\" \/>\n\t<meta property=\"og:image:width\" content=\"1200\" \/>\n\t<meta property=\"og:image:height\" content=\"638\" \/>\n\t<meta property=\"og:image:type\" content=\"image\/jpeg\" \/>\n<meta name=\"twitter:card\" content=\"summary_large_image\" \/>\n<script type=\"application\/ld+json\" class=\"yoast-schema-graph\">{\"@context\":\"https:\/\/schema.org\",\"@graph\":[{\"@type\":\"WebPage\",\"@id\":\"https:\/\/www.dsm.com.br\/es\/produto\/maquinaria-metalica\/maquinas-de-doblado-de-tubos-y-perfiles\/cnc-5a-doble-cabeza-5-ejes-electrico\/\",\"url\":\"https:\/\/www.dsm.com.br\/es\/produto\/maquinaria-metalica\/maquinas-de-doblado-de-tubos-y-perfiles\/cnc-5a-doble-cabeza-5-ejes-electrico\/\",\"name\":\"CNC-5A Doble Cabeza 5 Ejes - El\u00e9ctrico - DSM M\u00e1quinas\",\"isPartOf\":{\"@id\":\"https:\/\/www.dsm.com.br\/es\/#website\"},\"primaryImageOfPage\":{\"@id\":\"https:\/\/www.dsm.com.br\/es\/produto\/maquinaria-metalica\/maquinas-de-doblado-de-tubos-y-perfiles\/cnc-5a-doble-cabeza-5-ejes-electrico\/#primaryimage\"},\"image\":{\"@id\":\"https:\/\/www.dsm.com.br\/es\/produto\/maquinaria-metalica\/maquinas-de-doblado-de-tubos-y-perfiles\/cnc-5a-doble-cabeza-5-ejes-electrico\/#primaryimage\"},\"thumbnailUrl\":\"https:\/\/www.dsm.com.br\/wp-content\/uploads\/2026\/01\/CNC-F38-5A.jpg\",\"datePublished\":\"2026-01-21T18:22:46+00:00\",\"breadcrumb\":{\"@id\":\"https:\/\/www.dsm.com.br\/es\/produto\/maquinaria-metalica\/maquinas-de-doblado-de-tubos-y-perfiles\/cnc-5a-doble-cabeza-5-ejes-electrico\/#breadcrumb\"},\"inLanguage\":\"es\",\"potentialAction\":[{\"@type\":\"ReadAction\",\"target\":[\"https:\/\/www.dsm.com.br\/es\/produto\/maquinaria-metalica\/maquinas-de-doblado-de-tubos-y-perfiles\/cnc-5a-doble-cabeza-5-ejes-electrico\/\"]}]},{\"@type\":\"ImageObject\",\"inLanguage\":\"es\",\"@id\":\"https:\/\/www.dsm.com.br\/es\/produto\/maquinaria-metalica\/maquinas-de-doblado-de-tubos-y-perfiles\/cnc-5a-doble-cabeza-5-ejes-electrico\/#primaryimage\",\"url\":\"https:\/\/www.dsm.com.br\/wp-content\/uploads\/2026\/01\/CNC-F38-5A.jpg\",\"contentUrl\":\"https:\/\/www.dsm.com.br\/wp-content\/uploads\/2026\/01\/CNC-F38-5A.jpg\",\"width\":1200,\"height\":638},{\"@type\":\"BreadcrumbList\",\"@id\":\"https:\/\/www.dsm.com.br\/es\/produto\/maquinaria-metalica\/maquinas-de-doblado-de-tubos-y-perfiles\/cnc-5a-doble-cabeza-5-ejes-electrico\/#breadcrumb\",\"itemListElement\":[{\"@type\":\"ListItem\",\"position\":1,\"name\":\"In\u00edcio\",\"item\":\"https:\/\/www.dsm.com.br\/es\/\"},{\"@type\":\"ListItem\",\"position\":2,\"name\":\"Productos\",\"item\":\"https:\/\/www.dsm.com.br\/es\/shop\/\"},{\"@type\":\"ListItem\",\"position\":3,\"name\":\"CNC-5A Doble Cabeza 5 Ejes &#8211; El\u00e9ctrico\"}]},{\"@type\":\"WebSite\",\"@id\":\"https:\/\/www.dsm.com.br\/es\/#website\",\"url\":\"https:\/\/www.dsm.com.br\/es\/\",\"name\":\"DSM M\u00e1quinas\",\"description\":\"\",\"potentialAction\":[{\"@type\":\"SearchAction\",\"target\":{\"@type\":\"EntryPoint\",\"urlTemplate\":\"https:\/\/www.dsm.com.br\/es\/?s={search_term_string}\"},\"query-input\":{\"@type\":\"PropertyValueSpecification\",\"valueRequired\":true,\"valueName\":\"search_term_string\"}}],\"inLanguage\":\"es\"}]}<\/script>\n<!-- \/ Yoast SEO plugin. -->","yoast_head_json":{"title":"CNC-5A Doble Cabeza 5 Ejes - El\u00e9ctrico - DSM M\u00e1quinas","robots":{"index":"index","follow":"follow","max-snippet":"max-snippet:-1","max-image-preview":"max-image-preview:large","max-video-preview":"max-video-preview:-1"},"canonical":"https:\/\/www.dsm.com.br\/es\/produto\/maquinaria-metalica\/maquinas-de-doblado-de-tubos-y-perfiles\/cnc-5a-doble-cabeza-5-ejes-electrico\/","og_locale":"es_ES","og_type":"article","og_title":"CNC-5A Doble Cabeza 5 Ejes - El\u00e9ctrico - DSM M\u00e1quinas","og_description":"M\u00e1quina el\u00e9ctrica de doble cabeza de 5 ejes para curvar tubos CNC con 5 servomotores sin capacidades de mandil: \u00d838,1~\u00d850,8 mm","og_url":"https:\/\/www.dsm.com.br\/es\/produto\/maquinaria-metalica\/maquinas-de-doblado-de-tubos-y-perfiles\/cnc-5a-doble-cabeza-5-ejes-electrico\/","og_site_name":"DSM M\u00e1quinas","og_image":[{"width":1200,"height":638,"url":"https:\/\/www.dsm.com.br\/wp-content\/uploads\/2026\/01\/CNC-F38-5A.jpg","type":"image\/jpeg"}],"twitter_card":"summary_large_image","schema":{"@context":"https:\/\/schema.org","@graph":[{"@type":"WebPage","@id":"https:\/\/www.dsm.com.br\/es\/produto\/maquinaria-metalica\/maquinas-de-doblado-de-tubos-y-perfiles\/cnc-5a-doble-cabeza-5-ejes-electrico\/","url":"https:\/\/www.dsm.com.br\/es\/produto\/maquinaria-metalica\/maquinas-de-doblado-de-tubos-y-perfiles\/cnc-5a-doble-cabeza-5-ejes-electrico\/","name":"CNC-5A Doble Cabeza 5 Ejes - El\u00e9ctrico - DSM M\u00e1quinas","isPartOf":{"@id":"https:\/\/www.dsm.com.br\/es\/#website"},"primaryImageOfPage":{"@id":"https:\/\/www.dsm.com.br\/es\/produto\/maquinaria-metalica\/maquinas-de-doblado-de-tubos-y-perfiles\/cnc-5a-doble-cabeza-5-ejes-electrico\/#primaryimage"},"image":{"@id":"https:\/\/www.dsm.com.br\/es\/produto\/maquinaria-metalica\/maquinas-de-doblado-de-tubos-y-perfiles\/cnc-5a-doble-cabeza-5-ejes-electrico\/#primaryimage"},"thumbnailUrl":"https:\/\/www.dsm.com.br\/wp-content\/uploads\/2026\/01\/CNC-F38-5A.jpg","datePublished":"2026-01-21T18:22:46+00:00","breadcrumb":{"@id":"https:\/\/www.dsm.com.br\/es\/produto\/maquinaria-metalica\/maquinas-de-doblado-de-tubos-y-perfiles\/cnc-5a-doble-cabeza-5-ejes-electrico\/#breadcrumb"},"inLanguage":"es","potentialAction":[{"@type":"ReadAction","target":["https:\/\/www.dsm.com.br\/es\/produto\/maquinaria-metalica\/maquinas-de-doblado-de-tubos-y-perfiles\/cnc-5a-doble-cabeza-5-ejes-electrico\/"]}]},{"@type":"ImageObject","inLanguage":"es","@id":"https:\/\/www.dsm.com.br\/es\/produto\/maquinaria-metalica\/maquinas-de-doblado-de-tubos-y-perfiles\/cnc-5a-doble-cabeza-5-ejes-electrico\/#primaryimage","url":"https:\/\/www.dsm.com.br\/wp-content\/uploads\/2026\/01\/CNC-F38-5A.jpg","contentUrl":"https:\/\/www.dsm.com.br\/wp-content\/uploads\/2026\/01\/CNC-F38-5A.jpg","width":1200,"height":638},{"@type":"BreadcrumbList","@id":"https:\/\/www.dsm.com.br\/es\/produto\/maquinaria-metalica\/maquinas-de-doblado-de-tubos-y-perfiles\/cnc-5a-doble-cabeza-5-ejes-electrico\/#breadcrumb","itemListElement":[{"@type":"ListItem","position":1,"name":"In\u00edcio","item":"https:\/\/www.dsm.com.br\/es\/"},{"@type":"ListItem","position":2,"name":"Productos","item":"https:\/\/www.dsm.com.br\/es\/shop\/"},{"@type":"ListItem","position":3,"name":"CNC-5A Doble Cabeza 5 Ejes &#8211; El\u00e9ctrico"}]},{"@type":"WebSite","@id":"https:\/\/www.dsm.com.br\/es\/#website","url":"https:\/\/www.dsm.com.br\/es\/","name":"DSM M\u00e1quinas","description":"","potentialAction":[{"@type":"SearchAction","target":{"@type":"EntryPoint","urlTemplate":"https:\/\/www.dsm.com.br\/es\/?s={search_term_string}"},"query-input":{"@type":"PropertyValueSpecification","valueRequired":true,"valueName":"search_term_string"}}],"inLanguage":"es"}]}},"_links":{"self":[{"href":"https:\/\/www.dsm.com.br\/es\/wp-json\/wp\/v2\/product\/6139","targetHints":{"allow":["GET"]}}],"collection":[{"href":"https:\/\/www.dsm.com.br\/es\/wp-json\/wp\/v2\/product"}],"about":[{"href":"https:\/\/www.dsm.com.br\/es\/wp-json\/wp\/v2\/types\/product"}],"replies":[{"embeddable":true,"href":"https:\/\/www.dsm.com.br\/es\/wp-json\/wp\/v2\/comments?post=6139"}],"wp:featuredmedia":[{"embeddable":true,"href":"https:\/\/www.dsm.com.br\/es\/wp-json\/wp\/v2\/media\/3255"}],"wp:attachment":[{"href":"https:\/\/www.dsm.com.br\/es\/wp-json\/wp\/v2\/media?parent=6139"}],"wp:term":[{"taxonomy":"product_brand","embeddable":true,"href":"https:\/\/www.dsm.com.br\/es\/wp-json\/wp\/v2\/product_brand?post=6139"},{"taxonomy":"product_cat","embeddable":true,"href":"https:\/\/www.dsm.com.br\/es\/wp-json\/wp\/v2\/product_cat?post=6139"},{"taxonomy":"product_tag","embeddable":true,"href":"https:\/\/www.dsm.com.br\/es\/wp-json\/wp\/v2\/product_tag?post=6139"}],"curies":[{"name":"wp","href":"https:\/\/api.w.org\/{rel}","templated":true}]}}