{"id":5919,"date":"2026-01-21T15:22:38","date_gmt":"2026-01-21T18:22:38","guid":{"rendered":"https:\/\/www.dsm.com.br\/produto\/sin categor\u00eda\/serie-4r-hss\/"},"modified":"2026-01-21T15:22:38","modified_gmt":"2026-01-21T18:22:38","slug":"serie-4r-hss","status":"publish","type":"product","link":"https:\/\/www.dsm.com.br\/es\/produto\/maquinaria-metalica\/maquinas-de-doblar-placas\/serie-4r-hss\/","title":{"rendered":"SERIE 4R HSS"},"content":{"rendered":"<p>M\u00e1quina hidr\u00e1ulica de flexi\u00f3n de placas de 4 rodillos 4R-HSS rodillos laterales y superiores<\/p>\n<p>con<\/p>\n<p>rodillo&gt; superior independiente del motor \u00d8250 ~ \u00d8320 ~ \u00d8350 ~ \u00d8380 ~ \u00d8400 ~ \u00d8460 ~ \u00d8500 ~ Ancho 5550mm<\/p>\n<p>2050 ~ 2550 ~ 3100 ~ ~4100 ~ 6100mm<\/p>\n","protected":false},"excerpt":{"rendered":"<p>M\u00e1quina hidr\u00e1ulica de flexi\u00f3n de placas de 4 rodillos 4R-HSS rodillos laterales y superiores con rodillo&gt; superior independiente del motor \u00d8250 ~ \u00d8320 ~ \u00d8350 ~ \u00d8380 ~ \u00d8400 ~ \u00d8460 ~ \u00d8500 ~ Ancho 5550mm 2050 ~ 2550 ~ 3100 ~ ~4100 ~ 6100mm<\/p>\n","protected":false},"featured_media":3215,"comment_status":"open","ping_status":"closed","template":"","meta":{"_acf_changed":false},"product_brand":[],"product_cat":[504],"product_tag":[],"class_list":{"0":"post-5919","1":"product","2":"type-product","3":"status-publish","4":"has-post-thumbnail","6":"product_cat-maquinas-de-doblar-placas","8":"first","9":"instock","10":"taxable","11":"shipping-taxable","12":"product-type-simple"},"acf":[],"yoast_head":"<!-- This site is optimized with the Yoast SEO plugin v27.0 - https:\/\/yoast.com\/product\/yoast-seo-wordpress\/ -->\n<title>SERIE 4R HSS - DSM M\u00e1quinas<\/title>\n<meta name=\"robots\" content=\"index, follow, max-snippet:-1, max-image-preview:large, max-video-preview:-1\" \/>\n<link rel=\"canonical\" href=\"https:\/\/www.dsm.com.br\/es\/produto\/maquinaria-metalica\/maquinas-de-doblar-placas\/serie-4r-hss\/\" \/>\n<meta property=\"og:locale\" content=\"es_ES\" \/>\n<meta property=\"og:type\" content=\"article\" \/>\n<meta property=\"og:title\" content=\"SERIE 4R HSS - DSM M\u00e1quinas\" \/>\n<meta property=\"og:description\" content=\"M\u00e1quina hidr\u00e1ulica de flexi\u00f3n de placas de 4 rodillos 4R-HSS rodillos laterales y superiores con rodillo&gt; superior independiente del motor \u00d8250 ~ \u00d8320 ~ \u00d8350 ~ \u00d8380 ~ \u00d8400 ~ \u00d8460 ~ \u00d8500 ~ Ancho 5550mm 2050 ~ 2550 ~ 3100 ~ ~4100 ~ 6100mm\" \/>\n<meta property=\"og:url\" content=\"https:\/\/www.dsm.com.br\/es\/produto\/maquinaria-metalica\/maquinas-de-doblar-placas\/serie-4r-hss\/\" \/>\n<meta property=\"og:site_name\" content=\"DSM M\u00e1quinas\" \/>\n<meta property=\"og:image\" content=\"https:\/\/www.dsm.com.br\/wp-content\/uploads\/2026\/01\/4R-HSS-30-620-1.jpg\" \/>\n\t<meta property=\"og:image:width\" content=\"1200\" \/>\n\t<meta property=\"og:image:height\" content=\"741\" \/>\n\t<meta property=\"og:image:type\" content=\"image\/jpeg\" \/>\n<meta name=\"twitter:card\" content=\"summary_large_image\" \/>\n<script type=\"application\/ld+json\" class=\"yoast-schema-graph\">{\"@context\":\"https:\/\/schema.org\",\"@graph\":[{\"@type\":\"WebPage\",\"@id\":\"https:\/\/www.dsm.com.br\/es\/produto\/maquinaria-metalica\/maquinas-de-doblar-placas\/serie-4r-hss\/\",\"url\":\"https:\/\/www.dsm.com.br\/es\/produto\/maquinaria-metalica\/maquinas-de-doblar-placas\/serie-4r-hss\/\",\"name\":\"SERIE 4R HSS - DSM M\u00e1quinas\",\"isPartOf\":{\"@id\":\"https:\/\/www.dsm.com.br\/es\/#website\"},\"primaryImageOfPage\":{\"@id\":\"https:\/\/www.dsm.com.br\/es\/produto\/maquinaria-metalica\/maquinas-de-doblar-placas\/serie-4r-hss\/#primaryimage\"},\"image\":{\"@id\":\"https:\/\/www.dsm.com.br\/es\/produto\/maquinaria-metalica\/maquinas-de-doblar-placas\/serie-4r-hss\/#primaryimage\"},\"thumbnailUrl\":\"https:\/\/www.dsm.com.br\/wp-content\/uploads\/2026\/01\/4R-HSS-30-620-1.jpg\",\"datePublished\":\"2026-01-21T18:22:38+00:00\",\"breadcrumb\":{\"@id\":\"https:\/\/www.dsm.com.br\/es\/produto\/maquinaria-metalica\/maquinas-de-doblar-placas\/serie-4r-hss\/#breadcrumb\"},\"inLanguage\":\"es\",\"potentialAction\":[{\"@type\":\"ReadAction\",\"target\":[\"https:\/\/www.dsm.com.br\/es\/produto\/maquinaria-metalica\/maquinas-de-doblar-placas\/serie-4r-hss\/\"]}]},{\"@type\":\"ImageObject\",\"inLanguage\":\"es\",\"@id\":\"https:\/\/www.dsm.com.br\/es\/produto\/maquinaria-metalica\/maquinas-de-doblar-placas\/serie-4r-hss\/#primaryimage\",\"url\":\"https:\/\/www.dsm.com.br\/wp-content\/uploads\/2026\/01\/4R-HSS-30-620-1.jpg\",\"contentUrl\":\"https:\/\/www.dsm.com.br\/wp-content\/uploads\/2026\/01\/4R-HSS-30-620-1.jpg\",\"width\":1200,\"height\":741},{\"@type\":\"BreadcrumbList\",\"@id\":\"https:\/\/www.dsm.com.br\/es\/produto\/maquinaria-metalica\/maquinas-de-doblar-placas\/serie-4r-hss\/#breadcrumb\",\"itemListElement\":[{\"@type\":\"ListItem\",\"position\":1,\"name\":\"In\u00edcio\",\"item\":\"https:\/\/www.dsm.com.br\/es\/\"},{\"@type\":\"ListItem\",\"position\":2,\"name\":\"Productos\",\"item\":\"https:\/\/www.dsm.com.br\/es\/shop\/\"},{\"@type\":\"ListItem\",\"position\":3,\"name\":\"SERIE 4R HSS\"}]},{\"@type\":\"WebSite\",\"@id\":\"https:\/\/www.dsm.com.br\/es\/#website\",\"url\":\"https:\/\/www.dsm.com.br\/es\/\",\"name\":\"DSM M\u00e1quinas\",\"description\":\"\",\"potentialAction\":[{\"@type\":\"SearchAction\",\"target\":{\"@type\":\"EntryPoint\",\"urlTemplate\":\"https:\/\/www.dsm.com.br\/es\/?s={search_term_string}\"},\"query-input\":{\"@type\":\"PropertyValueSpecification\",\"valueRequired\":true,\"valueName\":\"search_term_string\"}}],\"inLanguage\":\"es\"}]}<\/script>\n<!-- \/ Yoast SEO plugin. -->","yoast_head_json":{"title":"SERIE 4R HSS - DSM M\u00e1quinas","robots":{"index":"index","follow":"follow","max-snippet":"max-snippet:-1","max-image-preview":"max-image-preview:large","max-video-preview":"max-video-preview:-1"},"canonical":"https:\/\/www.dsm.com.br\/es\/produto\/maquinaria-metalica\/maquinas-de-doblar-placas\/serie-4r-hss\/","og_locale":"es_ES","og_type":"article","og_title":"SERIE 4R HSS - DSM M\u00e1quinas","og_description":"M\u00e1quina hidr\u00e1ulica de flexi\u00f3n de placas de 4 rodillos 4R-HSS rodillos laterales y superiores con rodillo&gt; superior independiente del motor \u00d8250 ~ \u00d8320 ~ \u00d8350 ~ \u00d8380 ~ \u00d8400 ~ \u00d8460 ~ \u00d8500 ~ Ancho 5550mm 2050 ~ 2550 ~ 3100 ~ ~4100 ~ 6100mm","og_url":"https:\/\/www.dsm.com.br\/es\/produto\/maquinaria-metalica\/maquinas-de-doblar-placas\/serie-4r-hss\/","og_site_name":"DSM M\u00e1quinas","og_image":[{"width":1200,"height":741,"url":"https:\/\/www.dsm.com.br\/wp-content\/uploads\/2026\/01\/4R-HSS-30-620-1.jpg","type":"image\/jpeg"}],"twitter_card":"summary_large_image","schema":{"@context":"https:\/\/schema.org","@graph":[{"@type":"WebPage","@id":"https:\/\/www.dsm.com.br\/es\/produto\/maquinaria-metalica\/maquinas-de-doblar-placas\/serie-4r-hss\/","url":"https:\/\/www.dsm.com.br\/es\/produto\/maquinaria-metalica\/maquinas-de-doblar-placas\/serie-4r-hss\/","name":"SERIE 4R HSS - DSM M\u00e1quinas","isPartOf":{"@id":"https:\/\/www.dsm.com.br\/es\/#website"},"primaryImageOfPage":{"@id":"https:\/\/www.dsm.com.br\/es\/produto\/maquinaria-metalica\/maquinas-de-doblar-placas\/serie-4r-hss\/#primaryimage"},"image":{"@id":"https:\/\/www.dsm.com.br\/es\/produto\/maquinaria-metalica\/maquinas-de-doblar-placas\/serie-4r-hss\/#primaryimage"},"thumbnailUrl":"https:\/\/www.dsm.com.br\/wp-content\/uploads\/2026\/01\/4R-HSS-30-620-1.jpg","datePublished":"2026-01-21T18:22:38+00:00","breadcrumb":{"@id":"https:\/\/www.dsm.com.br\/es\/produto\/maquinaria-metalica\/maquinas-de-doblar-placas\/serie-4r-hss\/#breadcrumb"},"inLanguage":"es","potentialAction":[{"@type":"ReadAction","target":["https:\/\/www.dsm.com.br\/es\/produto\/maquinaria-metalica\/maquinas-de-doblar-placas\/serie-4r-hss\/"]}]},{"@type":"ImageObject","inLanguage":"es","@id":"https:\/\/www.dsm.com.br\/es\/produto\/maquinaria-metalica\/maquinas-de-doblar-placas\/serie-4r-hss\/#primaryimage","url":"https:\/\/www.dsm.com.br\/wp-content\/uploads\/2026\/01\/4R-HSS-30-620-1.jpg","contentUrl":"https:\/\/www.dsm.com.br\/wp-content\/uploads\/2026\/01\/4R-HSS-30-620-1.jpg","width":1200,"height":741},{"@type":"BreadcrumbList","@id":"https:\/\/www.dsm.com.br\/es\/produto\/maquinaria-metalica\/maquinas-de-doblar-placas\/serie-4r-hss\/#breadcrumb","itemListElement":[{"@type":"ListItem","position":1,"name":"In\u00edcio","item":"https:\/\/www.dsm.com.br\/es\/"},{"@type":"ListItem","position":2,"name":"Productos","item":"https:\/\/www.dsm.com.br\/es\/shop\/"},{"@type":"ListItem","position":3,"name":"SERIE 4R HSS"}]},{"@type":"WebSite","@id":"https:\/\/www.dsm.com.br\/es\/#website","url":"https:\/\/www.dsm.com.br\/es\/","name":"DSM M\u00e1quinas","description":"","potentialAction":[{"@type":"SearchAction","target":{"@type":"EntryPoint","urlTemplate":"https:\/\/www.dsm.com.br\/es\/?s={search_term_string}"},"query-input":{"@type":"PropertyValueSpecification","valueRequired":true,"valueName":"search_term_string"}}],"inLanguage":"es"}]}},"_links":{"self":[{"href":"https:\/\/www.dsm.com.br\/es\/wp-json\/wp\/v2\/product\/5919","targetHints":{"allow":["GET"]}}],"collection":[{"href":"https:\/\/www.dsm.com.br\/es\/wp-json\/wp\/v2\/product"}],"about":[{"href":"https:\/\/www.dsm.com.br\/es\/wp-json\/wp\/v2\/types\/product"}],"replies":[{"embeddable":true,"href":"https:\/\/www.dsm.com.br\/es\/wp-json\/wp\/v2\/comments?post=5919"}],"wp:featuredmedia":[{"embeddable":true,"href":"https:\/\/www.dsm.com.br\/es\/wp-json\/wp\/v2\/media\/3215"}],"wp:attachment":[{"href":"https:\/\/www.dsm.com.br\/es\/wp-json\/wp\/v2\/media?parent=5919"}],"wp:term":[{"taxonomy":"product_brand","embeddable":true,"href":"https:\/\/www.dsm.com.br\/es\/wp-json\/wp\/v2\/product_brand?post=5919"},{"taxonomy":"product_cat","embeddable":true,"href":"https:\/\/www.dsm.com.br\/es\/wp-json\/wp\/v2\/product_cat?post=5919"},{"taxonomy":"product_tag","embeddable":true,"href":"https:\/\/www.dsm.com.br\/es\/wp-json\/wp\/v2\/product_tag?post=5919"}],"curies":[{"name":"wp","href":"https:\/\/api.w.org\/{rel}","templated":true}]}}