{"id":5843,"date":"2026-01-21T15:22:50","date_gmt":"2026-01-21T18:22:50","guid":{"rendered":"https:\/\/www.dsm.com.br\/produto\/sin categor\u00eda\/marvel-de-3-000-a-15-000w\/"},"modified":"2026-01-21T15:22:50","modified_gmt":"2026-01-21T18:22:50","slug":"marvel-de-3-000-a-15-000w","status":"publish","type":"product","link":"https:\/\/www.dsm.com.br\/es\/produto\/maquinaria-metalica\/maquinas-laser-es\/maquina-de-corte-laser-para-chapa-metalica\/marvel-de-3-000-a-15-000w\/","title":{"rendered":"MARVEL | DE 3.000 A 15.000W"},"content":{"rendered":"<p>M\u00e1quina de corte l\u00e1ser para Marvel<br \/>\nMarvel 12025 &#8211; 12080\u00d72570mm<\/p>\n<p>Marvel 10025 -10080\u00d72570mm<\/p>\n<p>Marvel 8255 &#8211; 8080\u00d72570mm<\/p>\n<p>Marvel 6225 &#8211; 6080\u00d72570mm<\/p>\n<p>Marvel 4022 &#8211; 4060\u00d72225mm<\/p>\n<p>Marvel 3015 &#8211; 3100\u00d71530mm<\/p>\n<p>Velocidad: 140m\/min &#8211; Aceleraci\u00f3n de 2.0G<\/p>\n","protected":false},"excerpt":{"rendered":"<p>M\u00e1quina de corte l\u00e1ser para Marvel Marvel 12025 &#8211; 12080\u00d72570mm Marvel 10025 -10080\u00d72570mm Marvel 8255 &#8211; 8080\u00d72570mm Marvel 6225 &#8211; 6080\u00d72570mm Marvel 4022 &#8211; 4060\u00d72225mm Marvel 3015 &#8211; 3100\u00d71530mm Velocidad: 140m\/min &#8211; Aceleraci\u00f3n de 2.0G<\/p>\n","protected":false},"featured_media":3284,"comment_status":"open","ping_status":"closed","template":"","meta":{"_acf_changed":false},"product_brand":[],"product_cat":[491],"product_tag":[],"class_list":{"0":"post-5843","1":"product","2":"type-product","3":"status-publish","4":"has-post-thumbnail","6":"product_cat-maquina-de-corte-laser-para-chapa-metalica","8":"first","9":"instock","10":"taxable","11":"shipping-taxable","12":"product-type-simple"},"acf":[],"yoast_head":"<!-- This site is optimized with the Yoast SEO plugin v27.0 - https:\/\/yoast.com\/product\/yoast-seo-wordpress\/ -->\n<title>MARVEL | DE 3.000 A 15.000W - DSM M\u00e1quinas<\/title>\n<meta name=\"robots\" content=\"index, follow, max-snippet:-1, max-image-preview:large, max-video-preview:-1\" \/>\n<link rel=\"canonical\" href=\"https:\/\/www.dsm.com.br\/es\/produto\/maquinaria-metalica\/maquinas-laser-es\/maquina-de-corte-laser-para-chapa-metalica\/marvel-de-3-000-a-15-000w\/\" \/>\n<meta property=\"og:locale\" content=\"es_ES\" \/>\n<meta property=\"og:type\" content=\"article\" \/>\n<meta property=\"og:title\" content=\"MARVEL | DE 3.000 A 15.000W - DSM M\u00e1quinas\" \/>\n<meta property=\"og:description\" content=\"M\u00e1quina de corte l\u00e1ser para Marvel Marvel 12025 &#8211; 12080\u00d72570mm Marvel 10025 -10080\u00d72570mm Marvel 8255 &#8211; 8080\u00d72570mm Marvel 6225 &#8211; 6080\u00d72570mm Marvel 4022 &#8211; 4060\u00d72225mm Marvel 3015 &#8211; 3100\u00d71530mm Velocidad: 140m\/min &#8211; Aceleraci\u00f3n de 2.0G\" \/>\n<meta property=\"og:url\" content=\"https:\/\/www.dsm.com.br\/es\/produto\/maquinaria-metalica\/maquinas-laser-es\/maquina-de-corte-laser-para-chapa-metalica\/marvel-de-3-000-a-15-000w\/\" \/>\n<meta property=\"og:site_name\" content=\"DSM M\u00e1quinas\" \/>\n<meta property=\"og:image\" content=\"https:\/\/www.dsm.com.br\/wp-content\/uploads\/2026\/01\/MARVEL6000-6022.jpg\" \/>\n\t<meta property=\"og:image:width\" content=\"1178\" \/>\n\t<meta property=\"og:image:height\" content=\"422\" \/>\n\t<meta property=\"og:image:type\" content=\"image\/jpeg\" \/>\n<meta name=\"twitter:card\" content=\"summary_large_image\" \/>\n<script type=\"application\/ld+json\" class=\"yoast-schema-graph\">{\"@context\":\"https:\/\/schema.org\",\"@graph\":[{\"@type\":\"WebPage\",\"@id\":\"https:\/\/www.dsm.com.br\/es\/produto\/maquinaria-metalica\/maquinas-laser-es\/maquina-de-corte-laser-para-chapa-metalica\/marvel-de-3-000-a-15-000w\/\",\"url\":\"https:\/\/www.dsm.com.br\/es\/produto\/maquinaria-metalica\/maquinas-laser-es\/maquina-de-corte-laser-para-chapa-metalica\/marvel-de-3-000-a-15-000w\/\",\"name\":\"MARVEL | DE 3.000 A 15.000W - DSM M\u00e1quinas\",\"isPartOf\":{\"@id\":\"https:\/\/www.dsm.com.br\/es\/#website\"},\"primaryImageOfPage\":{\"@id\":\"https:\/\/www.dsm.com.br\/es\/produto\/maquinaria-metalica\/maquinas-laser-es\/maquina-de-corte-laser-para-chapa-metalica\/marvel-de-3-000-a-15-000w\/#primaryimage\"},\"image\":{\"@id\":\"https:\/\/www.dsm.com.br\/es\/produto\/maquinaria-metalica\/maquinas-laser-es\/maquina-de-corte-laser-para-chapa-metalica\/marvel-de-3-000-a-15-000w\/#primaryimage\"},\"thumbnailUrl\":\"https:\/\/www.dsm.com.br\/wp-content\/uploads\/2026\/01\/MARVEL6000-6022.jpg\",\"datePublished\":\"2026-01-21T18:22:50+00:00\",\"breadcrumb\":{\"@id\":\"https:\/\/www.dsm.com.br\/es\/produto\/maquinaria-metalica\/maquinas-laser-es\/maquina-de-corte-laser-para-chapa-metalica\/marvel-de-3-000-a-15-000w\/#breadcrumb\"},\"inLanguage\":\"es\",\"potentialAction\":[{\"@type\":\"ReadAction\",\"target\":[\"https:\/\/www.dsm.com.br\/es\/produto\/maquinaria-metalica\/maquinas-laser-es\/maquina-de-corte-laser-para-chapa-metalica\/marvel-de-3-000-a-15-000w\/\"]}]},{\"@type\":\"ImageObject\",\"inLanguage\":\"es\",\"@id\":\"https:\/\/www.dsm.com.br\/es\/produto\/maquinaria-metalica\/maquinas-laser-es\/maquina-de-corte-laser-para-chapa-metalica\/marvel-de-3-000-a-15-000w\/#primaryimage\",\"url\":\"https:\/\/www.dsm.com.br\/wp-content\/uploads\/2026\/01\/MARVEL6000-6022.jpg\",\"contentUrl\":\"https:\/\/www.dsm.com.br\/wp-content\/uploads\/2026\/01\/MARVEL6000-6022.jpg\",\"width\":1178,\"height\":422},{\"@type\":\"BreadcrumbList\",\"@id\":\"https:\/\/www.dsm.com.br\/es\/produto\/maquinaria-metalica\/maquinas-laser-es\/maquina-de-corte-laser-para-chapa-metalica\/marvel-de-3-000-a-15-000w\/#breadcrumb\",\"itemListElement\":[{\"@type\":\"ListItem\",\"position\":1,\"name\":\"In\u00edcio\",\"item\":\"https:\/\/www.dsm.com.br\/es\/\"},{\"@type\":\"ListItem\",\"position\":2,\"name\":\"Productos\",\"item\":\"https:\/\/www.dsm.com.br\/es\/shop\/\"},{\"@type\":\"ListItem\",\"position\":3,\"name\":\"MARVEL | DE 3.000 A 15.000W\"}]},{\"@type\":\"WebSite\",\"@id\":\"https:\/\/www.dsm.com.br\/es\/#website\",\"url\":\"https:\/\/www.dsm.com.br\/es\/\",\"name\":\"DSM M\u00e1quinas\",\"description\":\"\",\"potentialAction\":[{\"@type\":\"SearchAction\",\"target\":{\"@type\":\"EntryPoint\",\"urlTemplate\":\"https:\/\/www.dsm.com.br\/es\/?s={search_term_string}\"},\"query-input\":{\"@type\":\"PropertyValueSpecification\",\"valueRequired\":true,\"valueName\":\"search_term_string\"}}],\"inLanguage\":\"es\"}]}<\/script>\n<!-- \/ Yoast SEO plugin. -->","yoast_head_json":{"title":"MARVEL | DE 3.000 A 15.000W - DSM M\u00e1quinas","robots":{"index":"index","follow":"follow","max-snippet":"max-snippet:-1","max-image-preview":"max-image-preview:large","max-video-preview":"max-video-preview:-1"},"canonical":"https:\/\/www.dsm.com.br\/es\/produto\/maquinaria-metalica\/maquinas-laser-es\/maquina-de-corte-laser-para-chapa-metalica\/marvel-de-3-000-a-15-000w\/","og_locale":"es_ES","og_type":"article","og_title":"MARVEL | DE 3.000 A 15.000W - DSM M\u00e1quinas","og_description":"M\u00e1quina de corte l\u00e1ser para Marvel Marvel 12025 &#8211; 12080\u00d72570mm Marvel 10025 -10080\u00d72570mm Marvel 8255 &#8211; 8080\u00d72570mm Marvel 6225 &#8211; 6080\u00d72570mm Marvel 4022 &#8211; 4060\u00d72225mm Marvel 3015 &#8211; 3100\u00d71530mm Velocidad: 140m\/min &#8211; Aceleraci\u00f3n de 2.0G","og_url":"https:\/\/www.dsm.com.br\/es\/produto\/maquinaria-metalica\/maquinas-laser-es\/maquina-de-corte-laser-para-chapa-metalica\/marvel-de-3-000-a-15-000w\/","og_site_name":"DSM M\u00e1quinas","og_image":[{"width":1178,"height":422,"url":"https:\/\/www.dsm.com.br\/wp-content\/uploads\/2026\/01\/MARVEL6000-6022.jpg","type":"image\/jpeg"}],"twitter_card":"summary_large_image","schema":{"@context":"https:\/\/schema.org","@graph":[{"@type":"WebPage","@id":"https:\/\/www.dsm.com.br\/es\/produto\/maquinaria-metalica\/maquinas-laser-es\/maquina-de-corte-laser-para-chapa-metalica\/marvel-de-3-000-a-15-000w\/","url":"https:\/\/www.dsm.com.br\/es\/produto\/maquinaria-metalica\/maquinas-laser-es\/maquina-de-corte-laser-para-chapa-metalica\/marvel-de-3-000-a-15-000w\/","name":"MARVEL | DE 3.000 A 15.000W - DSM M\u00e1quinas","isPartOf":{"@id":"https:\/\/www.dsm.com.br\/es\/#website"},"primaryImageOfPage":{"@id":"https:\/\/www.dsm.com.br\/es\/produto\/maquinaria-metalica\/maquinas-laser-es\/maquina-de-corte-laser-para-chapa-metalica\/marvel-de-3-000-a-15-000w\/#primaryimage"},"image":{"@id":"https:\/\/www.dsm.com.br\/es\/produto\/maquinaria-metalica\/maquinas-laser-es\/maquina-de-corte-laser-para-chapa-metalica\/marvel-de-3-000-a-15-000w\/#primaryimage"},"thumbnailUrl":"https:\/\/www.dsm.com.br\/wp-content\/uploads\/2026\/01\/MARVEL6000-6022.jpg","datePublished":"2026-01-21T18:22:50+00:00","breadcrumb":{"@id":"https:\/\/www.dsm.com.br\/es\/produto\/maquinaria-metalica\/maquinas-laser-es\/maquina-de-corte-laser-para-chapa-metalica\/marvel-de-3-000-a-15-000w\/#breadcrumb"},"inLanguage":"es","potentialAction":[{"@type":"ReadAction","target":["https:\/\/www.dsm.com.br\/es\/produto\/maquinaria-metalica\/maquinas-laser-es\/maquina-de-corte-laser-para-chapa-metalica\/marvel-de-3-000-a-15-000w\/"]}]},{"@type":"ImageObject","inLanguage":"es","@id":"https:\/\/www.dsm.com.br\/es\/produto\/maquinaria-metalica\/maquinas-laser-es\/maquina-de-corte-laser-para-chapa-metalica\/marvel-de-3-000-a-15-000w\/#primaryimage","url":"https:\/\/www.dsm.com.br\/wp-content\/uploads\/2026\/01\/MARVEL6000-6022.jpg","contentUrl":"https:\/\/www.dsm.com.br\/wp-content\/uploads\/2026\/01\/MARVEL6000-6022.jpg","width":1178,"height":422},{"@type":"BreadcrumbList","@id":"https:\/\/www.dsm.com.br\/es\/produto\/maquinaria-metalica\/maquinas-laser-es\/maquina-de-corte-laser-para-chapa-metalica\/marvel-de-3-000-a-15-000w\/#breadcrumb","itemListElement":[{"@type":"ListItem","position":1,"name":"In\u00edcio","item":"https:\/\/www.dsm.com.br\/es\/"},{"@type":"ListItem","position":2,"name":"Productos","item":"https:\/\/www.dsm.com.br\/es\/shop\/"},{"@type":"ListItem","position":3,"name":"MARVEL | DE 3.000 A 15.000W"}]},{"@type":"WebSite","@id":"https:\/\/www.dsm.com.br\/es\/#website","url":"https:\/\/www.dsm.com.br\/es\/","name":"DSM M\u00e1quinas","description":"","potentialAction":[{"@type":"SearchAction","target":{"@type":"EntryPoint","urlTemplate":"https:\/\/www.dsm.com.br\/es\/?s={search_term_string}"},"query-input":{"@type":"PropertyValueSpecification","valueRequired":true,"valueName":"search_term_string"}}],"inLanguage":"es"}]}},"_links":{"self":[{"href":"https:\/\/www.dsm.com.br\/es\/wp-json\/wp\/v2\/product\/5843","targetHints":{"allow":["GET"]}}],"collection":[{"href":"https:\/\/www.dsm.com.br\/es\/wp-json\/wp\/v2\/product"}],"about":[{"href":"https:\/\/www.dsm.com.br\/es\/wp-json\/wp\/v2\/types\/product"}],"replies":[{"embeddable":true,"href":"https:\/\/www.dsm.com.br\/es\/wp-json\/wp\/v2\/comments?post=5843"}],"wp:featuredmedia":[{"embeddable":true,"href":"https:\/\/www.dsm.com.br\/es\/wp-json\/wp\/v2\/media\/3284"}],"wp:attachment":[{"href":"https:\/\/www.dsm.com.br\/es\/wp-json\/wp\/v2\/media?parent=5843"}],"wp:term":[{"taxonomy":"product_brand","embeddable":true,"href":"https:\/\/www.dsm.com.br\/es\/wp-json\/wp\/v2\/product_brand?post=5843"},{"taxonomy":"product_cat","embeddable":true,"href":"https:\/\/www.dsm.com.br\/es\/wp-json\/wp\/v2\/product_cat?post=5843"},{"taxonomy":"product_tag","embeddable":true,"href":"https:\/\/www.dsm.com.br\/es\/wp-json\/wp\/v2\/product_tag?post=5843"}],"curies":[{"name":"wp","href":"https:\/\/api.w.org\/{rel}","templated":true}]}}