{"id":5835,"date":"2026-01-21T15:22:50","date_gmt":"2026-01-21T18:22:50","guid":{"rendered":"https:\/\/www.dsm.com.br\/produto\/sin categor\u00eda\/gf-plus-de-1-000-a-12-000w\/"},"modified":"2026-01-21T15:22:50","modified_gmt":"2026-01-21T18:22:50","slug":"gf-plus-de-1-000-a-12-000w","status":"publish","type":"product","link":"https:\/\/www.dsm.com.br\/es\/produto\/maquinaria-metalica\/maquinas-laser-es\/maquina-de-corte-laser-para-chapa-metalica\/gf-plus-de-1-000-a-12-000w\/","title":{"rendered":"GF PLUS | DE 1.000 A 12.000W"},"content":{"rendered":"<p>M\u00e1quina de corte l\u00e1ser para placas GF<br \/>\nPlus GF 12025 PLUS &#8211; 12050\u00d72530mm<\/p>\n<p>GF 10025 PLUS -10050\u00d72530mm<\/p>\n<p>GF 8025 PLUS &#8211; 8050\u00d72530mm<\/p>\n<p>GF 6025 PLUS &#8211; 6050\u00d72530mm<\/p>\n<p>GF 4022 PLUS &#8211; 4050\u00d72230mm<\/p>\n<p>GF 3015 PLUS &#8211; 3050\u00d71530mm<\/p>\n<p>Velocidad: 140m\/min &#8211; 1,2G aceleraci\u00f3n<\/p>\n","protected":false},"excerpt":{"rendered":"<p>M\u00e1quina de corte l\u00e1ser para placas GF Plus GF 12025 PLUS &#8211; 12050\u00d72530mm GF 10025 PLUS -10050\u00d72530mm GF 8025 PLUS &#8211; 8050\u00d72530mm GF 6025 PLUS &#8211; 6050\u00d72530mm GF 4022 PLUS &#8211; 4050\u00d72230mm GF 3015 PLUS &#8211; 3050\u00d71530mm Velocidad: 140m\/min &#8211; 1,2G aceleraci\u00f3n<\/p>\n","protected":false},"featured_media":3285,"comment_status":"open","ping_status":"closed","template":"","meta":{"_acf_changed":false},"product_brand":[],"product_cat":[491],"product_tag":[],"class_list":{"0":"post-5835","1":"product","2":"type-product","3":"status-publish","4":"has-post-thumbnail","6":"product_cat-maquina-de-corte-laser-para-chapa-metalica","8":"first","9":"instock","10":"taxable","11":"shipping-taxable","12":"product-type-simple"},"acf":[],"yoast_head":"<!-- This site is optimized with the Yoast SEO plugin v27.0 - https:\/\/yoast.com\/product\/yoast-seo-wordpress\/ -->\n<title>GF PLUS | DE 1.000 A 12.000W - DSM M\u00e1quinas<\/title>\n<meta name=\"robots\" content=\"index, follow, max-snippet:-1, max-image-preview:large, max-video-preview:-1\" \/>\n<link rel=\"canonical\" href=\"https:\/\/www.dsm.com.br\/es\/produto\/maquinaria-metalica\/maquinas-laser-es\/maquina-de-corte-laser-para-chapa-metalica\/gf-plus-de-1-000-a-12-000w\/\" \/>\n<meta property=\"og:locale\" content=\"es_ES\" \/>\n<meta property=\"og:type\" content=\"article\" \/>\n<meta property=\"og:title\" content=\"GF PLUS | DE 1.000 A 12.000W - DSM M\u00e1quinas\" \/>\n<meta property=\"og:description\" content=\"M\u00e1quina de corte l\u00e1ser para placas GF Plus GF 12025 PLUS &#8211; 12050\u00d72530mm GF 10025 PLUS -10050\u00d72530mm GF 8025 PLUS &#8211; 8050\u00d72530mm GF 6025 PLUS &#8211; 6050\u00d72530mm GF 4022 PLUS &#8211; 4050\u00d72230mm GF 3015 PLUS &#8211; 3050\u00d71530mm Velocidad: 140m\/min &#8211; 1,2G aceleraci\u00f3n\" \/>\n<meta property=\"og:url\" content=\"https:\/\/www.dsm.com.br\/es\/produto\/maquinaria-metalica\/maquinas-laser-es\/maquina-de-corte-laser-para-chapa-metalica\/gf-plus-de-1-000-a-12-000w\/\" \/>\n<meta property=\"og:site_name\" content=\"DSM M\u00e1quinas\" \/>\n<meta property=\"og:image\" content=\"https:\/\/www.dsm.com.br\/wp-content\/uploads\/2026\/01\/GF3015-PLUS.jpg\" \/>\n\t<meta property=\"og:image:width\" content=\"1164\" \/>\n\t<meta property=\"og:image:height\" content=\"586\" \/>\n\t<meta property=\"og:image:type\" content=\"image\/jpeg\" \/>\n<meta name=\"twitter:card\" content=\"summary_large_image\" \/>\n<script type=\"application\/ld+json\" class=\"yoast-schema-graph\">{\"@context\":\"https:\/\/schema.org\",\"@graph\":[{\"@type\":\"WebPage\",\"@id\":\"https:\/\/www.dsm.com.br\/es\/produto\/maquinaria-metalica\/maquinas-laser-es\/maquina-de-corte-laser-para-chapa-metalica\/gf-plus-de-1-000-a-12-000w\/\",\"url\":\"https:\/\/www.dsm.com.br\/es\/produto\/maquinaria-metalica\/maquinas-laser-es\/maquina-de-corte-laser-para-chapa-metalica\/gf-plus-de-1-000-a-12-000w\/\",\"name\":\"GF PLUS | DE 1.000 A 12.000W - DSM M\u00e1quinas\",\"isPartOf\":{\"@id\":\"https:\/\/www.dsm.com.br\/es\/#website\"},\"primaryImageOfPage\":{\"@id\":\"https:\/\/www.dsm.com.br\/es\/produto\/maquinaria-metalica\/maquinas-laser-es\/maquina-de-corte-laser-para-chapa-metalica\/gf-plus-de-1-000-a-12-000w\/#primaryimage\"},\"image\":{\"@id\":\"https:\/\/www.dsm.com.br\/es\/produto\/maquinaria-metalica\/maquinas-laser-es\/maquina-de-corte-laser-para-chapa-metalica\/gf-plus-de-1-000-a-12-000w\/#primaryimage\"},\"thumbnailUrl\":\"https:\/\/www.dsm.com.br\/wp-content\/uploads\/2026\/01\/GF3015-PLUS.jpg\",\"datePublished\":\"2026-01-21T18:22:50+00:00\",\"breadcrumb\":{\"@id\":\"https:\/\/www.dsm.com.br\/es\/produto\/maquinaria-metalica\/maquinas-laser-es\/maquina-de-corte-laser-para-chapa-metalica\/gf-plus-de-1-000-a-12-000w\/#breadcrumb\"},\"inLanguage\":\"es\",\"potentialAction\":[{\"@type\":\"ReadAction\",\"target\":[\"https:\/\/www.dsm.com.br\/es\/produto\/maquinaria-metalica\/maquinas-laser-es\/maquina-de-corte-laser-para-chapa-metalica\/gf-plus-de-1-000-a-12-000w\/\"]}]},{\"@type\":\"ImageObject\",\"inLanguage\":\"es\",\"@id\":\"https:\/\/www.dsm.com.br\/es\/produto\/maquinaria-metalica\/maquinas-laser-es\/maquina-de-corte-laser-para-chapa-metalica\/gf-plus-de-1-000-a-12-000w\/#primaryimage\",\"url\":\"https:\/\/www.dsm.com.br\/wp-content\/uploads\/2026\/01\/GF3015-PLUS.jpg\",\"contentUrl\":\"https:\/\/www.dsm.com.br\/wp-content\/uploads\/2026\/01\/GF3015-PLUS.jpg\",\"width\":1164,\"height\":586},{\"@type\":\"BreadcrumbList\",\"@id\":\"https:\/\/www.dsm.com.br\/es\/produto\/maquinaria-metalica\/maquinas-laser-es\/maquina-de-corte-laser-para-chapa-metalica\/gf-plus-de-1-000-a-12-000w\/#breadcrumb\",\"itemListElement\":[{\"@type\":\"ListItem\",\"position\":1,\"name\":\"In\u00edcio\",\"item\":\"https:\/\/www.dsm.com.br\/es\/\"},{\"@type\":\"ListItem\",\"position\":2,\"name\":\"Productos\",\"item\":\"https:\/\/www.dsm.com.br\/es\/shop\/\"},{\"@type\":\"ListItem\",\"position\":3,\"name\":\"GF PLUS | DE 1.000 A 12.000W\"}]},{\"@type\":\"WebSite\",\"@id\":\"https:\/\/www.dsm.com.br\/es\/#website\",\"url\":\"https:\/\/www.dsm.com.br\/es\/\",\"name\":\"DSM M\u00e1quinas\",\"description\":\"\",\"potentialAction\":[{\"@type\":\"SearchAction\",\"target\":{\"@type\":\"EntryPoint\",\"urlTemplate\":\"https:\/\/www.dsm.com.br\/es\/?s={search_term_string}\"},\"query-input\":{\"@type\":\"PropertyValueSpecification\",\"valueRequired\":true,\"valueName\":\"search_term_string\"}}],\"inLanguage\":\"es\"}]}<\/script>\n<!-- \/ Yoast SEO plugin. -->","yoast_head_json":{"title":"GF PLUS | DE 1.000 A 12.000W - DSM M\u00e1quinas","robots":{"index":"index","follow":"follow","max-snippet":"max-snippet:-1","max-image-preview":"max-image-preview:large","max-video-preview":"max-video-preview:-1"},"canonical":"https:\/\/www.dsm.com.br\/es\/produto\/maquinaria-metalica\/maquinas-laser-es\/maquina-de-corte-laser-para-chapa-metalica\/gf-plus-de-1-000-a-12-000w\/","og_locale":"es_ES","og_type":"article","og_title":"GF PLUS | DE 1.000 A 12.000W - DSM M\u00e1quinas","og_description":"M\u00e1quina de corte l\u00e1ser para placas GF Plus GF 12025 PLUS &#8211; 12050\u00d72530mm GF 10025 PLUS -10050\u00d72530mm GF 8025 PLUS &#8211; 8050\u00d72530mm GF 6025 PLUS &#8211; 6050\u00d72530mm GF 4022 PLUS &#8211; 4050\u00d72230mm GF 3015 PLUS &#8211; 3050\u00d71530mm Velocidad: 140m\/min &#8211; 1,2G aceleraci\u00f3n","og_url":"https:\/\/www.dsm.com.br\/es\/produto\/maquinaria-metalica\/maquinas-laser-es\/maquina-de-corte-laser-para-chapa-metalica\/gf-plus-de-1-000-a-12-000w\/","og_site_name":"DSM M\u00e1quinas","og_image":[{"width":1164,"height":586,"url":"https:\/\/www.dsm.com.br\/wp-content\/uploads\/2026\/01\/GF3015-PLUS.jpg","type":"image\/jpeg"}],"twitter_card":"summary_large_image","schema":{"@context":"https:\/\/schema.org","@graph":[{"@type":"WebPage","@id":"https:\/\/www.dsm.com.br\/es\/produto\/maquinaria-metalica\/maquinas-laser-es\/maquina-de-corte-laser-para-chapa-metalica\/gf-plus-de-1-000-a-12-000w\/","url":"https:\/\/www.dsm.com.br\/es\/produto\/maquinaria-metalica\/maquinas-laser-es\/maquina-de-corte-laser-para-chapa-metalica\/gf-plus-de-1-000-a-12-000w\/","name":"GF PLUS | DE 1.000 A 12.000W - DSM M\u00e1quinas","isPartOf":{"@id":"https:\/\/www.dsm.com.br\/es\/#website"},"primaryImageOfPage":{"@id":"https:\/\/www.dsm.com.br\/es\/produto\/maquinaria-metalica\/maquinas-laser-es\/maquina-de-corte-laser-para-chapa-metalica\/gf-plus-de-1-000-a-12-000w\/#primaryimage"},"image":{"@id":"https:\/\/www.dsm.com.br\/es\/produto\/maquinaria-metalica\/maquinas-laser-es\/maquina-de-corte-laser-para-chapa-metalica\/gf-plus-de-1-000-a-12-000w\/#primaryimage"},"thumbnailUrl":"https:\/\/www.dsm.com.br\/wp-content\/uploads\/2026\/01\/GF3015-PLUS.jpg","datePublished":"2026-01-21T18:22:50+00:00","breadcrumb":{"@id":"https:\/\/www.dsm.com.br\/es\/produto\/maquinaria-metalica\/maquinas-laser-es\/maquina-de-corte-laser-para-chapa-metalica\/gf-plus-de-1-000-a-12-000w\/#breadcrumb"},"inLanguage":"es","potentialAction":[{"@type":"ReadAction","target":["https:\/\/www.dsm.com.br\/es\/produto\/maquinaria-metalica\/maquinas-laser-es\/maquina-de-corte-laser-para-chapa-metalica\/gf-plus-de-1-000-a-12-000w\/"]}]},{"@type":"ImageObject","inLanguage":"es","@id":"https:\/\/www.dsm.com.br\/es\/produto\/maquinaria-metalica\/maquinas-laser-es\/maquina-de-corte-laser-para-chapa-metalica\/gf-plus-de-1-000-a-12-000w\/#primaryimage","url":"https:\/\/www.dsm.com.br\/wp-content\/uploads\/2026\/01\/GF3015-PLUS.jpg","contentUrl":"https:\/\/www.dsm.com.br\/wp-content\/uploads\/2026\/01\/GF3015-PLUS.jpg","width":1164,"height":586},{"@type":"BreadcrumbList","@id":"https:\/\/www.dsm.com.br\/es\/produto\/maquinaria-metalica\/maquinas-laser-es\/maquina-de-corte-laser-para-chapa-metalica\/gf-plus-de-1-000-a-12-000w\/#breadcrumb","itemListElement":[{"@type":"ListItem","position":1,"name":"In\u00edcio","item":"https:\/\/www.dsm.com.br\/es\/"},{"@type":"ListItem","position":2,"name":"Productos","item":"https:\/\/www.dsm.com.br\/es\/shop\/"},{"@type":"ListItem","position":3,"name":"GF PLUS | DE 1.000 A 12.000W"}]},{"@type":"WebSite","@id":"https:\/\/www.dsm.com.br\/es\/#website","url":"https:\/\/www.dsm.com.br\/es\/","name":"DSM M\u00e1quinas","description":"","potentialAction":[{"@type":"SearchAction","target":{"@type":"EntryPoint","urlTemplate":"https:\/\/www.dsm.com.br\/es\/?s={search_term_string}"},"query-input":{"@type":"PropertyValueSpecification","valueRequired":true,"valueName":"search_term_string"}}],"inLanguage":"es"}]}},"_links":{"self":[{"href":"https:\/\/www.dsm.com.br\/es\/wp-json\/wp\/v2\/product\/5835","targetHints":{"allow":["GET"]}}],"collection":[{"href":"https:\/\/www.dsm.com.br\/es\/wp-json\/wp\/v2\/product"}],"about":[{"href":"https:\/\/www.dsm.com.br\/es\/wp-json\/wp\/v2\/types\/product"}],"replies":[{"embeddable":true,"href":"https:\/\/www.dsm.com.br\/es\/wp-json\/wp\/v2\/comments?post=5835"}],"wp:featuredmedia":[{"embeddable":true,"href":"https:\/\/www.dsm.com.br\/es\/wp-json\/wp\/v2\/media\/3285"}],"wp:attachment":[{"href":"https:\/\/www.dsm.com.br\/es\/wp-json\/wp\/v2\/media?parent=5835"}],"wp:term":[{"taxonomy":"product_brand","embeddable":true,"href":"https:\/\/www.dsm.com.br\/es\/wp-json\/wp\/v2\/product_brand?post=5835"},{"taxonomy":"product_cat","embeddable":true,"href":"https:\/\/www.dsm.com.br\/es\/wp-json\/wp\/v2\/product_cat?post=5835"},{"taxonomy":"product_tag","embeddable":true,"href":"https:\/\/www.dsm.com.br\/es\/wp-json\/wp\/v2\/product_tag?post=5835"}],"curies":[{"name":"wp","href":"https:\/\/api.w.org\/{rel}","templated":true}]}}