{"id":5828,"date":"2026-01-21T15:22:51","date_gmt":"2026-01-21T18:22:51","guid":{"rendered":"https:\/\/www.dsm.com.br\/produto\/sin categor\u00eda\/ldk-sistema-de-corte\/"},"modified":"2026-01-21T15:22:51","modified_gmt":"2026-01-21T18:22:51","slug":"ldk-sistema-de-corte","status":"publish","type":"product","link":"https:\/\/www.dsm.com.br\/es\/produto\/maquinaria-metalica\/maquinas-laser-es\/maquina-de-corte-laser-para-chapa-metalica\/ldk-sistema-de-corte\/","title":{"rendered":"LDK | SISTEMA DE CORTE"},"content":{"rendered":"<p>Sistemas flexibles de corte l\u00e1ser para chapa<\/p>\n<p>met\u00e1lica equipados con una m\u00e1quina de corte.<\/p>\n<p>Portahojas hasta 5 posiciones<\/p>\n<p>Sistema autom\u00e1tico de selecci\u00f3n, carga y descarga.<\/p>\n<p>Formatos: 3000\u00d71500mm<\/p>\n<p>Formatos: 4000\u00d72000mm<\/p>\n","protected":false},"excerpt":{"rendered":"<p>Sistemas flexibles de corte l\u00e1ser para chapa met\u00e1lica equipados con una m\u00e1quina de corte. Portahojas hasta 5 posiciones Sistema autom\u00e1tico de selecci\u00f3n, carga y descarga. Formatos: 3000\u00d71500mm Formatos: 4000\u00d72000mm<\/p>\n","protected":false},"featured_media":3290,"comment_status":"open","ping_status":"closed","template":"","meta":{"_acf_changed":false},"product_brand":[],"product_cat":[491],"product_tag":[],"class_list":{"0":"post-5828","1":"product","2":"type-product","3":"status-publish","4":"has-post-thumbnail","6":"product_cat-maquina-de-corte-laser-para-chapa-metalica","8":"first","9":"instock","10":"taxable","11":"shipping-taxable","12":"product-type-simple"},"acf":[],"yoast_head":"<!-- This site is optimized with the Yoast SEO plugin v27.0 - https:\/\/yoast.com\/product\/yoast-seo-wordpress\/ -->\n<title>LDK | SISTEMA DE CORTE - DSM M\u00e1quinas<\/title>\n<meta name=\"robots\" content=\"index, follow, max-snippet:-1, max-image-preview:large, max-video-preview:-1\" \/>\n<link rel=\"canonical\" href=\"https:\/\/www.dsm.com.br\/es\/produto\/maquinaria-metalica\/maquinas-laser-es\/maquina-de-corte-laser-para-chapa-metalica\/ldk-sistema-de-corte\/\" \/>\n<meta property=\"og:locale\" content=\"es_ES\" \/>\n<meta property=\"og:type\" content=\"article\" \/>\n<meta property=\"og:title\" content=\"LDK | SISTEMA DE CORTE - DSM M\u00e1quinas\" \/>\n<meta property=\"og:description\" content=\"Sistemas flexibles de corte l\u00e1ser para chapa met\u00e1lica equipados con una m\u00e1quina de corte. Portahojas hasta 5 posiciones Sistema autom\u00e1tico de selecci\u00f3n, carga y descarga. Formatos: 3000\u00d71500mm Formatos: 4000\u00d72000mm\" \/>\n<meta property=\"og:url\" content=\"https:\/\/www.dsm.com.br\/es\/produto\/maquinaria-metalica\/maquinas-laser-es\/maquina-de-corte-laser-para-chapa-metalica\/ldk-sistema-de-corte\/\" \/>\n<meta property=\"og:site_name\" content=\"DSM M\u00e1quinas\" \/>\n<meta property=\"og:image\" content=\"https:\/\/www.dsm.com.br\/wp-content\/uploads\/2026\/01\/SISTEMA-LDK.jpg\" \/>\n\t<meta property=\"og:image:width\" content=\"1200\" \/>\n\t<meta property=\"og:image:height\" content=\"780\" \/>\n\t<meta property=\"og:image:type\" content=\"image\/jpeg\" \/>\n<meta name=\"twitter:card\" content=\"summary_large_image\" \/>\n<script type=\"application\/ld+json\" class=\"yoast-schema-graph\">{\"@context\":\"https:\/\/schema.org\",\"@graph\":[{\"@type\":\"WebPage\",\"@id\":\"https:\/\/www.dsm.com.br\/es\/produto\/maquinaria-metalica\/maquinas-laser-es\/maquina-de-corte-laser-para-chapa-metalica\/ldk-sistema-de-corte\/\",\"url\":\"https:\/\/www.dsm.com.br\/es\/produto\/maquinaria-metalica\/maquinas-laser-es\/maquina-de-corte-laser-para-chapa-metalica\/ldk-sistema-de-corte\/\",\"name\":\"LDK | SISTEMA DE CORTE - DSM M\u00e1quinas\",\"isPartOf\":{\"@id\":\"https:\/\/www.dsm.com.br\/es\/#website\"},\"primaryImageOfPage\":{\"@id\":\"https:\/\/www.dsm.com.br\/es\/produto\/maquinaria-metalica\/maquinas-laser-es\/maquina-de-corte-laser-para-chapa-metalica\/ldk-sistema-de-corte\/#primaryimage\"},\"image\":{\"@id\":\"https:\/\/www.dsm.com.br\/es\/produto\/maquinaria-metalica\/maquinas-laser-es\/maquina-de-corte-laser-para-chapa-metalica\/ldk-sistema-de-corte\/#primaryimage\"},\"thumbnailUrl\":\"https:\/\/www.dsm.com.br\/wp-content\/uploads\/2026\/01\/SISTEMA-LDK.jpg\",\"datePublished\":\"2026-01-21T18:22:51+00:00\",\"breadcrumb\":{\"@id\":\"https:\/\/www.dsm.com.br\/es\/produto\/maquinaria-metalica\/maquinas-laser-es\/maquina-de-corte-laser-para-chapa-metalica\/ldk-sistema-de-corte\/#breadcrumb\"},\"inLanguage\":\"es\",\"potentialAction\":[{\"@type\":\"ReadAction\",\"target\":[\"https:\/\/www.dsm.com.br\/es\/produto\/maquinaria-metalica\/maquinas-laser-es\/maquina-de-corte-laser-para-chapa-metalica\/ldk-sistema-de-corte\/\"]}]},{\"@type\":\"ImageObject\",\"inLanguage\":\"es\",\"@id\":\"https:\/\/www.dsm.com.br\/es\/produto\/maquinaria-metalica\/maquinas-laser-es\/maquina-de-corte-laser-para-chapa-metalica\/ldk-sistema-de-corte\/#primaryimage\",\"url\":\"https:\/\/www.dsm.com.br\/wp-content\/uploads\/2026\/01\/SISTEMA-LDK.jpg\",\"contentUrl\":\"https:\/\/www.dsm.com.br\/wp-content\/uploads\/2026\/01\/SISTEMA-LDK.jpg\",\"width\":1200,\"height\":780},{\"@type\":\"BreadcrumbList\",\"@id\":\"https:\/\/www.dsm.com.br\/es\/produto\/maquinaria-metalica\/maquinas-laser-es\/maquina-de-corte-laser-para-chapa-metalica\/ldk-sistema-de-corte\/#breadcrumb\",\"itemListElement\":[{\"@type\":\"ListItem\",\"position\":1,\"name\":\"In\u00edcio\",\"item\":\"https:\/\/www.dsm.com.br\/es\/\"},{\"@type\":\"ListItem\",\"position\":2,\"name\":\"Productos\",\"item\":\"https:\/\/www.dsm.com.br\/es\/shop\/\"},{\"@type\":\"ListItem\",\"position\":3,\"name\":\"LDK | SISTEMA DE CORTE\"}]},{\"@type\":\"WebSite\",\"@id\":\"https:\/\/www.dsm.com.br\/es\/#website\",\"url\":\"https:\/\/www.dsm.com.br\/es\/\",\"name\":\"DSM M\u00e1quinas\",\"description\":\"\",\"potentialAction\":[{\"@type\":\"SearchAction\",\"target\":{\"@type\":\"EntryPoint\",\"urlTemplate\":\"https:\/\/www.dsm.com.br\/es\/?s={search_term_string}\"},\"query-input\":{\"@type\":\"PropertyValueSpecification\",\"valueRequired\":true,\"valueName\":\"search_term_string\"}}],\"inLanguage\":\"es\"}]}<\/script>\n<!-- \/ Yoast SEO plugin. -->","yoast_head_json":{"title":"LDK | SISTEMA DE CORTE - DSM M\u00e1quinas","robots":{"index":"index","follow":"follow","max-snippet":"max-snippet:-1","max-image-preview":"max-image-preview:large","max-video-preview":"max-video-preview:-1"},"canonical":"https:\/\/www.dsm.com.br\/es\/produto\/maquinaria-metalica\/maquinas-laser-es\/maquina-de-corte-laser-para-chapa-metalica\/ldk-sistema-de-corte\/","og_locale":"es_ES","og_type":"article","og_title":"LDK | SISTEMA DE CORTE - DSM M\u00e1quinas","og_description":"Sistemas flexibles de corte l\u00e1ser para chapa met\u00e1lica equipados con una m\u00e1quina de corte. Portahojas hasta 5 posiciones Sistema autom\u00e1tico de selecci\u00f3n, carga y descarga. Formatos: 3000\u00d71500mm Formatos: 4000\u00d72000mm","og_url":"https:\/\/www.dsm.com.br\/es\/produto\/maquinaria-metalica\/maquinas-laser-es\/maquina-de-corte-laser-para-chapa-metalica\/ldk-sistema-de-corte\/","og_site_name":"DSM M\u00e1quinas","og_image":[{"width":1200,"height":780,"url":"https:\/\/www.dsm.com.br\/wp-content\/uploads\/2026\/01\/SISTEMA-LDK.jpg","type":"image\/jpeg"}],"twitter_card":"summary_large_image","schema":{"@context":"https:\/\/schema.org","@graph":[{"@type":"WebPage","@id":"https:\/\/www.dsm.com.br\/es\/produto\/maquinaria-metalica\/maquinas-laser-es\/maquina-de-corte-laser-para-chapa-metalica\/ldk-sistema-de-corte\/","url":"https:\/\/www.dsm.com.br\/es\/produto\/maquinaria-metalica\/maquinas-laser-es\/maquina-de-corte-laser-para-chapa-metalica\/ldk-sistema-de-corte\/","name":"LDK | SISTEMA DE CORTE - DSM M\u00e1quinas","isPartOf":{"@id":"https:\/\/www.dsm.com.br\/es\/#website"},"primaryImageOfPage":{"@id":"https:\/\/www.dsm.com.br\/es\/produto\/maquinaria-metalica\/maquinas-laser-es\/maquina-de-corte-laser-para-chapa-metalica\/ldk-sistema-de-corte\/#primaryimage"},"image":{"@id":"https:\/\/www.dsm.com.br\/es\/produto\/maquinaria-metalica\/maquinas-laser-es\/maquina-de-corte-laser-para-chapa-metalica\/ldk-sistema-de-corte\/#primaryimage"},"thumbnailUrl":"https:\/\/www.dsm.com.br\/wp-content\/uploads\/2026\/01\/SISTEMA-LDK.jpg","datePublished":"2026-01-21T18:22:51+00:00","breadcrumb":{"@id":"https:\/\/www.dsm.com.br\/es\/produto\/maquinaria-metalica\/maquinas-laser-es\/maquina-de-corte-laser-para-chapa-metalica\/ldk-sistema-de-corte\/#breadcrumb"},"inLanguage":"es","potentialAction":[{"@type":"ReadAction","target":["https:\/\/www.dsm.com.br\/es\/produto\/maquinaria-metalica\/maquinas-laser-es\/maquina-de-corte-laser-para-chapa-metalica\/ldk-sistema-de-corte\/"]}]},{"@type":"ImageObject","inLanguage":"es","@id":"https:\/\/www.dsm.com.br\/es\/produto\/maquinaria-metalica\/maquinas-laser-es\/maquina-de-corte-laser-para-chapa-metalica\/ldk-sistema-de-corte\/#primaryimage","url":"https:\/\/www.dsm.com.br\/wp-content\/uploads\/2026\/01\/SISTEMA-LDK.jpg","contentUrl":"https:\/\/www.dsm.com.br\/wp-content\/uploads\/2026\/01\/SISTEMA-LDK.jpg","width":1200,"height":780},{"@type":"BreadcrumbList","@id":"https:\/\/www.dsm.com.br\/es\/produto\/maquinaria-metalica\/maquinas-laser-es\/maquina-de-corte-laser-para-chapa-metalica\/ldk-sistema-de-corte\/#breadcrumb","itemListElement":[{"@type":"ListItem","position":1,"name":"In\u00edcio","item":"https:\/\/www.dsm.com.br\/es\/"},{"@type":"ListItem","position":2,"name":"Productos","item":"https:\/\/www.dsm.com.br\/es\/shop\/"},{"@type":"ListItem","position":3,"name":"LDK | SISTEMA DE CORTE"}]},{"@type":"WebSite","@id":"https:\/\/www.dsm.com.br\/es\/#website","url":"https:\/\/www.dsm.com.br\/es\/","name":"DSM M\u00e1quinas","description":"","potentialAction":[{"@type":"SearchAction","target":{"@type":"EntryPoint","urlTemplate":"https:\/\/www.dsm.com.br\/es\/?s={search_term_string}"},"query-input":{"@type":"PropertyValueSpecification","valueRequired":true,"valueName":"search_term_string"}}],"inLanguage":"es"}]}},"_links":{"self":[{"href":"https:\/\/www.dsm.com.br\/es\/wp-json\/wp\/v2\/product\/5828","targetHints":{"allow":["GET"]}}],"collection":[{"href":"https:\/\/www.dsm.com.br\/es\/wp-json\/wp\/v2\/product"}],"about":[{"href":"https:\/\/www.dsm.com.br\/es\/wp-json\/wp\/v2\/types\/product"}],"replies":[{"embeddable":true,"href":"https:\/\/www.dsm.com.br\/es\/wp-json\/wp\/v2\/comments?post=5828"}],"wp:featuredmedia":[{"embeddable":true,"href":"https:\/\/www.dsm.com.br\/es\/wp-json\/wp\/v2\/media\/3290"}],"wp:attachment":[{"href":"https:\/\/www.dsm.com.br\/es\/wp-json\/wp\/v2\/media?parent=5828"}],"wp:term":[{"taxonomy":"product_brand","embeddable":true,"href":"https:\/\/www.dsm.com.br\/es\/wp-json\/wp\/v2\/product_brand?post=5828"},{"taxonomy":"product_cat","embeddable":true,"href":"https:\/\/www.dsm.com.br\/es\/wp-json\/wp\/v2\/product_cat?post=5828"},{"taxonomy":"product_tag","embeddable":true,"href":"https:\/\/www.dsm.com.br\/es\/wp-json\/wp\/v2\/product_tag?post=5828"}],"curies":[{"name":"wp","href":"https:\/\/api.w.org\/{rel}","templated":true}]}}