{"id":5718,"date":"2026-01-21T15:22:55","date_gmt":"2026-01-21T18:22:55","guid":{"rendered":"https:\/\/www.dsm.com.br\/produto\/sin categor\u00eda\/serie-de-calamares-laser-opa\/"},"modified":"2026-01-21T15:22:55","modified_gmt":"2026-01-21T18:22:55","slug":"serie-de-calamares-laser-opa","status":"publish","type":"product","link":"https:\/\/www.dsm.com.br\/es\/produto\/maquinaria-metalica\/maquinas-laser-es\/compressor-de-ar-parafuso-4-en-1-en-la-plataforma-para-maquinas-laser\/serie-de-calamares-laser-opa\/","title":{"rendered":"SERIE DE CALAMARES L\u00c1SER OPA"},"content":{"rendered":"<p>COMPRESOR DE AIRE DE TORNILLO DE 4 EN 1 PARA M\u00c1QUINA L\u00c1SER EN LA PLATAFORMA<br \/>\nPOTENCIA: 7,5KW &#8211; 11KW &#8211; 15KW &#8211; 22KW<br \/>\nPRESI\u00d3N: 7BAR &#8211; 8BAR &#8211; 10BAR &#8211; 12BAR &#8211; 16 BAR<br \/>\nTRANSMISI\u00d3N DIRECTA<\/p>\n","protected":false},"excerpt":{"rendered":"<p>COMPRESOR DE AIRE DE TORNILLO DE 4 EN 1 PARA M\u00c1QUINA L\u00c1SER EN LA PLATAFORMA POTENCIA: 7,5KW &#8211; 11KW &#8211; 15KW &#8211; 22KW PRESI\u00d3N: 7BAR &#8211; 8BAR &#8211; 10BAR &#8211; 12BAR &#8211; 16 BAR TRANSMISI\u00d3N DIRECTA<\/p>\n","protected":false},"featured_media":3317,"comment_status":"open","ping_status":"closed","template":"","meta":{"_acf_changed":false},"product_brand":[],"product_cat":[460,461,462,463,464,465,469,471,472,475,476,483],"product_tag":[],"class_list":{"0":"post-5718","1":"product","2":"type-product","3":"status-publish","4":"has-post-thumbnail","6":"product_cat-robots-industriales","7":"product_cat-maquinaria-metalica","8":"product_cat-compresores-de-aire-robots-industriales","9":"product_cat-maquinas-de-impresion-y-envases","10":"product_cat-maquinaria-de-plasticos","11":"product_cat-maquinaria-de-madera","12":"product_cat-compresores-de-aire-maquinaria-metalica","13":"product_cat-compresores-de-aire-maquinas-de-impresion-y-envases","14":"product_cat-compresores-de-aire-maquinaria-de-madera","15":"product_cat-compresores-de-aire-5-maquinaria-de-plasticos","16":"product_cat-maquinas-laser-es","17":"product_cat-compressor-de-ar-parafuso-4-en-1-en-la-plataforma-para-maquinas-laser","19":"first","20":"instock","21":"taxable","22":"shipping-taxable","23":"product-type-simple"},"acf":[],"yoast_head":"<!-- This site is optimized with the Yoast SEO plugin v27.0 - https:\/\/yoast.com\/product\/yoast-seo-wordpress\/ -->\n<title>SERIE DE CALAMARES L\u00c1SER OPA - DSM M\u00e1quinas<\/title>\n<meta name=\"robots\" content=\"index, follow, max-snippet:-1, max-image-preview:large, max-video-preview:-1\" \/>\n<link rel=\"canonical\" href=\"https:\/\/www.dsm.com.br\/es\/produto\/maquinaria-metalica\/maquinas-laser-es\/compressor-de-ar-parafuso-4-en-1-en-la-plataforma-para-maquinas-laser\/serie-de-calamares-laser-opa\/\" \/>\n<meta property=\"og:locale\" content=\"es_ES\" \/>\n<meta property=\"og:type\" content=\"article\" \/>\n<meta property=\"og:title\" content=\"SERIE DE CALAMARES L\u00c1SER OPA - DSM M\u00e1quinas\" \/>\n<meta property=\"og:description\" content=\"COMPRESOR DE AIRE DE TORNILLO DE 4 EN 1 PARA M\u00c1QUINA L\u00c1SER EN LA PLATAFORMA POTENCIA: 7,5KW &#8211; 11KW &#8211; 15KW &#8211; 22KW PRESI\u00d3N: 7BAR &#8211; 8BAR &#8211; 10BAR &#8211; 12BAR &#8211; 16 BAR TRANSMISI\u00d3N DIRECTA\" \/>\n<meta property=\"og:url\" content=\"https:\/\/www.dsm.com.br\/es\/produto\/maquinaria-metalica\/maquinas-laser-es\/compressor-de-ar-parafuso-4-en-1-en-la-plataforma-para-maquinas-laser\/serie-de-calamares-laser-opa\/\" \/>\n<meta property=\"og:site_name\" content=\"DSM M\u00e1quinas\" \/>\n<meta property=\"og:image\" content=\"https:\/\/www.dsm.com.br\/wp-content\/uploads\/2026\/01\/OPA-LASER-SQUID.jpg\" \/>\n\t<meta property=\"og:image:width\" content=\"628\" \/>\n\t<meta property=\"og:image:height\" content=\"530\" \/>\n\t<meta property=\"og:image:type\" content=\"image\/jpeg\" \/>\n<meta name=\"twitter:card\" content=\"summary_large_image\" \/>\n<script type=\"application\/ld+json\" class=\"yoast-schema-graph\">{\"@context\":\"https:\/\/schema.org\",\"@graph\":[{\"@type\":\"WebPage\",\"@id\":\"https:\/\/www.dsm.com.br\/es\/produto\/maquinaria-metalica\/maquinas-laser-es\/compressor-de-ar-parafuso-4-en-1-en-la-plataforma-para-maquinas-laser\/serie-de-calamares-laser-opa\/\",\"url\":\"https:\/\/www.dsm.com.br\/es\/produto\/maquinaria-metalica\/maquinas-laser-es\/compressor-de-ar-parafuso-4-en-1-en-la-plataforma-para-maquinas-laser\/serie-de-calamares-laser-opa\/\",\"name\":\"SERIE DE CALAMARES L\u00c1SER OPA - DSM M\u00e1quinas\",\"isPartOf\":{\"@id\":\"https:\/\/www.dsm.com.br\/es\/#website\"},\"primaryImageOfPage\":{\"@id\":\"https:\/\/www.dsm.com.br\/es\/produto\/maquinaria-metalica\/maquinas-laser-es\/compressor-de-ar-parafuso-4-en-1-en-la-plataforma-para-maquinas-laser\/serie-de-calamares-laser-opa\/#primaryimage\"},\"image\":{\"@id\":\"https:\/\/www.dsm.com.br\/es\/produto\/maquinaria-metalica\/maquinas-laser-es\/compressor-de-ar-parafuso-4-en-1-en-la-plataforma-para-maquinas-laser\/serie-de-calamares-laser-opa\/#primaryimage\"},\"thumbnailUrl\":\"https:\/\/www.dsm.com.br\/wp-content\/uploads\/2026\/01\/OPA-LASER-SQUID.jpg\",\"datePublished\":\"2026-01-21T18:22:55+00:00\",\"breadcrumb\":{\"@id\":\"https:\/\/www.dsm.com.br\/es\/produto\/maquinaria-metalica\/maquinas-laser-es\/compressor-de-ar-parafuso-4-en-1-en-la-plataforma-para-maquinas-laser\/serie-de-calamares-laser-opa\/#breadcrumb\"},\"inLanguage\":\"es\",\"potentialAction\":[{\"@type\":\"ReadAction\",\"target\":[\"https:\/\/www.dsm.com.br\/es\/produto\/maquinaria-metalica\/maquinas-laser-es\/compressor-de-ar-parafuso-4-en-1-en-la-plataforma-para-maquinas-laser\/serie-de-calamares-laser-opa\/\"]}]},{\"@type\":\"ImageObject\",\"inLanguage\":\"es\",\"@id\":\"https:\/\/www.dsm.com.br\/es\/produto\/maquinaria-metalica\/maquinas-laser-es\/compressor-de-ar-parafuso-4-en-1-en-la-plataforma-para-maquinas-laser\/serie-de-calamares-laser-opa\/#primaryimage\",\"url\":\"https:\/\/www.dsm.com.br\/wp-content\/uploads\/2026\/01\/OPA-LASER-SQUID.jpg\",\"contentUrl\":\"https:\/\/www.dsm.com.br\/wp-content\/uploads\/2026\/01\/OPA-LASER-SQUID.jpg\",\"width\":628,\"height\":530},{\"@type\":\"BreadcrumbList\",\"@id\":\"https:\/\/www.dsm.com.br\/es\/produto\/maquinaria-metalica\/maquinas-laser-es\/compressor-de-ar-parafuso-4-en-1-en-la-plataforma-para-maquinas-laser\/serie-de-calamares-laser-opa\/#breadcrumb\",\"itemListElement\":[{\"@type\":\"ListItem\",\"position\":1,\"name\":\"In\u00edcio\",\"item\":\"https:\/\/www.dsm.com.br\/es\/\"},{\"@type\":\"ListItem\",\"position\":2,\"name\":\"Productos\",\"item\":\"https:\/\/www.dsm.com.br\/es\/shop\/\"},{\"@type\":\"ListItem\",\"position\":3,\"name\":\"SERIE DE CALAMARES L\u00c1SER OPA\"}]},{\"@type\":\"WebSite\",\"@id\":\"https:\/\/www.dsm.com.br\/es\/#website\",\"url\":\"https:\/\/www.dsm.com.br\/es\/\",\"name\":\"DSM M\u00e1quinas\",\"description\":\"\",\"potentialAction\":[{\"@type\":\"SearchAction\",\"target\":{\"@type\":\"EntryPoint\",\"urlTemplate\":\"https:\/\/www.dsm.com.br\/es\/?s={search_term_string}\"},\"query-input\":{\"@type\":\"PropertyValueSpecification\",\"valueRequired\":true,\"valueName\":\"search_term_string\"}}],\"inLanguage\":\"es\"}]}<\/script>\n<!-- \/ Yoast SEO plugin. -->","yoast_head_json":{"title":"SERIE DE CALAMARES L\u00c1SER OPA - DSM M\u00e1quinas","robots":{"index":"index","follow":"follow","max-snippet":"max-snippet:-1","max-image-preview":"max-image-preview:large","max-video-preview":"max-video-preview:-1"},"canonical":"https:\/\/www.dsm.com.br\/es\/produto\/maquinaria-metalica\/maquinas-laser-es\/compressor-de-ar-parafuso-4-en-1-en-la-plataforma-para-maquinas-laser\/serie-de-calamares-laser-opa\/","og_locale":"es_ES","og_type":"article","og_title":"SERIE DE CALAMARES L\u00c1SER OPA - DSM M\u00e1quinas","og_description":"COMPRESOR DE AIRE DE TORNILLO DE 4 EN 1 PARA M\u00c1QUINA L\u00c1SER EN LA PLATAFORMA POTENCIA: 7,5KW &#8211; 11KW &#8211; 15KW &#8211; 22KW PRESI\u00d3N: 7BAR &#8211; 8BAR &#8211; 10BAR &#8211; 12BAR &#8211; 16 BAR TRANSMISI\u00d3N DIRECTA","og_url":"https:\/\/www.dsm.com.br\/es\/produto\/maquinaria-metalica\/maquinas-laser-es\/compressor-de-ar-parafuso-4-en-1-en-la-plataforma-para-maquinas-laser\/serie-de-calamares-laser-opa\/","og_site_name":"DSM M\u00e1quinas","og_image":[{"width":628,"height":530,"url":"https:\/\/www.dsm.com.br\/wp-content\/uploads\/2026\/01\/OPA-LASER-SQUID.jpg","type":"image\/jpeg"}],"twitter_card":"summary_large_image","schema":{"@context":"https:\/\/schema.org","@graph":[{"@type":"WebPage","@id":"https:\/\/www.dsm.com.br\/es\/produto\/maquinaria-metalica\/maquinas-laser-es\/compressor-de-ar-parafuso-4-en-1-en-la-plataforma-para-maquinas-laser\/serie-de-calamares-laser-opa\/","url":"https:\/\/www.dsm.com.br\/es\/produto\/maquinaria-metalica\/maquinas-laser-es\/compressor-de-ar-parafuso-4-en-1-en-la-plataforma-para-maquinas-laser\/serie-de-calamares-laser-opa\/","name":"SERIE DE CALAMARES L\u00c1SER OPA - DSM M\u00e1quinas","isPartOf":{"@id":"https:\/\/www.dsm.com.br\/es\/#website"},"primaryImageOfPage":{"@id":"https:\/\/www.dsm.com.br\/es\/produto\/maquinaria-metalica\/maquinas-laser-es\/compressor-de-ar-parafuso-4-en-1-en-la-plataforma-para-maquinas-laser\/serie-de-calamares-laser-opa\/#primaryimage"},"image":{"@id":"https:\/\/www.dsm.com.br\/es\/produto\/maquinaria-metalica\/maquinas-laser-es\/compressor-de-ar-parafuso-4-en-1-en-la-plataforma-para-maquinas-laser\/serie-de-calamares-laser-opa\/#primaryimage"},"thumbnailUrl":"https:\/\/www.dsm.com.br\/wp-content\/uploads\/2026\/01\/OPA-LASER-SQUID.jpg","datePublished":"2026-01-21T18:22:55+00:00","breadcrumb":{"@id":"https:\/\/www.dsm.com.br\/es\/produto\/maquinaria-metalica\/maquinas-laser-es\/compressor-de-ar-parafuso-4-en-1-en-la-plataforma-para-maquinas-laser\/serie-de-calamares-laser-opa\/#breadcrumb"},"inLanguage":"es","potentialAction":[{"@type":"ReadAction","target":["https:\/\/www.dsm.com.br\/es\/produto\/maquinaria-metalica\/maquinas-laser-es\/compressor-de-ar-parafuso-4-en-1-en-la-plataforma-para-maquinas-laser\/serie-de-calamares-laser-opa\/"]}]},{"@type":"ImageObject","inLanguage":"es","@id":"https:\/\/www.dsm.com.br\/es\/produto\/maquinaria-metalica\/maquinas-laser-es\/compressor-de-ar-parafuso-4-en-1-en-la-plataforma-para-maquinas-laser\/serie-de-calamares-laser-opa\/#primaryimage","url":"https:\/\/www.dsm.com.br\/wp-content\/uploads\/2026\/01\/OPA-LASER-SQUID.jpg","contentUrl":"https:\/\/www.dsm.com.br\/wp-content\/uploads\/2026\/01\/OPA-LASER-SQUID.jpg","width":628,"height":530},{"@type":"BreadcrumbList","@id":"https:\/\/www.dsm.com.br\/es\/produto\/maquinaria-metalica\/maquinas-laser-es\/compressor-de-ar-parafuso-4-en-1-en-la-plataforma-para-maquinas-laser\/serie-de-calamares-laser-opa\/#breadcrumb","itemListElement":[{"@type":"ListItem","position":1,"name":"In\u00edcio","item":"https:\/\/www.dsm.com.br\/es\/"},{"@type":"ListItem","position":2,"name":"Productos","item":"https:\/\/www.dsm.com.br\/es\/shop\/"},{"@type":"ListItem","position":3,"name":"SERIE DE CALAMARES L\u00c1SER OPA"}]},{"@type":"WebSite","@id":"https:\/\/www.dsm.com.br\/es\/#website","url":"https:\/\/www.dsm.com.br\/es\/","name":"DSM M\u00e1quinas","description":"","potentialAction":[{"@type":"SearchAction","target":{"@type":"EntryPoint","urlTemplate":"https:\/\/www.dsm.com.br\/es\/?s={search_term_string}"},"query-input":{"@type":"PropertyValueSpecification","valueRequired":true,"valueName":"search_term_string"}}],"inLanguage":"es"}]}},"_links":{"self":[{"href":"https:\/\/www.dsm.com.br\/es\/wp-json\/wp\/v2\/product\/5718","targetHints":{"allow":["GET"]}}],"collection":[{"href":"https:\/\/www.dsm.com.br\/es\/wp-json\/wp\/v2\/product"}],"about":[{"href":"https:\/\/www.dsm.com.br\/es\/wp-json\/wp\/v2\/types\/product"}],"replies":[{"embeddable":true,"href":"https:\/\/www.dsm.com.br\/es\/wp-json\/wp\/v2\/comments?post=5718"}],"wp:featuredmedia":[{"embeddable":true,"href":"https:\/\/www.dsm.com.br\/es\/wp-json\/wp\/v2\/media\/3317"}],"wp:attachment":[{"href":"https:\/\/www.dsm.com.br\/es\/wp-json\/wp\/v2\/media?parent=5718"}],"wp:term":[{"taxonomy":"product_brand","embeddable":true,"href":"https:\/\/www.dsm.com.br\/es\/wp-json\/wp\/v2\/product_brand?post=5718"},{"taxonomy":"product_cat","embeddable":true,"href":"https:\/\/www.dsm.com.br\/es\/wp-json\/wp\/v2\/product_cat?post=5718"},{"taxonomy":"product_tag","embeddable":true,"href":"https:\/\/www.dsm.com.br\/es\/wp-json\/wp\/v2\/product_tag?post=5718"}],"curies":[{"name":"wp","href":"https:\/\/api.w.org\/{rel}","templated":true}]}}