{"id":5703,"date":"2026-01-21T15:22:56","date_gmt":"2026-01-21T18:22:56","guid":{"rendered":"https:\/\/www.dsm.com.br\/produto\/sin categor\u00eda\/serie-opm-2\/"},"modified":"2026-01-21T15:22:56","modified_gmt":"2026-01-21T18:22:56","slug":"serie-opm-2","status":"publish","type":"product","link":"https:\/\/www.dsm.com.br\/es\/produto\/maquinaria-metalica\/maquinas-laser-es\/compresor-de-aire-de-tornillo-diesel-movil-2-ruedas\/serie-opm-2\/","title":{"rendered":"SERIE OPM (2)"},"content":{"rendered":"<p>MOTOR DI\u00c9SEL<br \/>\nCON COMPRESOR DE AIRE DE TORNILLO M\u00d3VIL POTENCIA: 55KW &#8211; 81KW<br \/>\nPRESI\u00d3N: 8BAR &#8211; 10 BAR<br \/>\nCAUDAL: 4,5M\u00b3\/MIN &#8211; 5,0M\u00b3\/MIN &#8211; 6,0M\u00b3\/MIN &#8211; 8,0M\u00b3\/MIN<\/p>\n","protected":false},"excerpt":{"rendered":"<p>MOTOR DI\u00c9SEL CON COMPRESOR DE AIRE DE TORNILLO M\u00d3VIL POTENCIA: 55KW &#8211; 81KW PRESI\u00d3N: 8BAR &#8211; 10 BAR CAUDAL: 4,5M\u00b3\/MIN &#8211; 5,0M\u00b3\/MIN &#8211; 6,0M\u00b3\/MIN &#8211; 8,0M\u00b3\/MIN<\/p>\n","protected":false},"featured_media":3327,"comment_status":"open","ping_status":"closed","template":"","meta":{"_acf_changed":false},"product_brand":[],"product_cat":[460,461,462,463,464,465,469,471,472,475,479],"product_tag":[],"class_list":{"0":"post-5703","1":"product","2":"type-product","3":"status-publish","4":"has-post-thumbnail","6":"product_cat-robots-industriales","7":"product_cat-maquinaria-metalica","8":"product_cat-compresores-de-aire-robots-industriales","9":"product_cat-maquinas-de-impresion-y-envases","10":"product_cat-maquinaria-de-plasticos","11":"product_cat-maquinaria-de-madera","12":"product_cat-compresores-de-aire-maquinaria-metalica","13":"product_cat-compresores-de-aire-maquinas-de-impresion-y-envases","14":"product_cat-compresores-de-aire-maquinaria-de-madera","15":"product_cat-compresores-de-aire-5-maquinaria-de-plasticos","16":"product_cat-compresor-de-aire-de-tornillo-diesel-movil-2-ruedas","18":"first","19":"instock","20":"taxable","21":"shipping-taxable","22":"product-type-simple"},"acf":[],"yoast_head":"<!-- This site is optimized with the Yoast SEO plugin v27.0 - https:\/\/yoast.com\/product\/yoast-seo-wordpress\/ -->\n<title>SERIE OPM (2) - DSM M\u00e1quinas<\/title>\n<meta name=\"robots\" content=\"index, follow, max-snippet:-1, max-image-preview:large, max-video-preview:-1\" \/>\n<link rel=\"canonical\" href=\"https:\/\/www.dsm.com.br\/es\/produto\/maquinaria-metalica\/maquinas-laser-es\/compresor-de-aire-de-tornillo-diesel-movil-2-ruedas\/serie-opm-2\/\" \/>\n<meta property=\"og:locale\" content=\"es_ES\" \/>\n<meta property=\"og:type\" content=\"article\" \/>\n<meta property=\"og:title\" content=\"SERIE OPM (2) - DSM M\u00e1quinas\" \/>\n<meta property=\"og:description\" content=\"MOTOR DI\u00c9SEL CON COMPRESOR DE AIRE DE TORNILLO M\u00d3VIL POTENCIA: 55KW &#8211; 81KW PRESI\u00d3N: 8BAR &#8211; 10 BAR CAUDAL: 4,5M\u00b3\/MIN &#8211; 5,0M\u00b3\/MIN &#8211; 6,0M\u00b3\/MIN &#8211; 8,0M\u00b3\/MIN\" \/>\n<meta property=\"og:url\" content=\"https:\/\/www.dsm.com.br\/es\/produto\/maquinaria-metalica\/maquinas-laser-es\/compresor-de-aire-de-tornillo-diesel-movil-2-ruedas\/serie-opm-2\/\" \/>\n<meta property=\"og:site_name\" content=\"DSM M\u00e1quinas\" \/>\n<meta property=\"og:image\" content=\"https:\/\/www.dsm.com.br\/wp-content\/uploads\/2026\/01\/OPM2.jpg\" \/>\n\t<meta property=\"og:image:width\" content=\"2128\" \/>\n\t<meta property=\"og:image:height\" content=\"1296\" \/>\n\t<meta property=\"og:image:type\" content=\"image\/jpeg\" \/>\n<meta name=\"twitter:card\" content=\"summary_large_image\" \/>\n<script type=\"application\/ld+json\" class=\"yoast-schema-graph\">{\"@context\":\"https:\/\/schema.org\",\"@graph\":[{\"@type\":\"WebPage\",\"@id\":\"https:\/\/www.dsm.com.br\/es\/produto\/maquinaria-metalica\/maquinas-laser-es\/compresor-de-aire-de-tornillo-diesel-movil-2-ruedas\/serie-opm-2\/\",\"url\":\"https:\/\/www.dsm.com.br\/es\/produto\/maquinaria-metalica\/maquinas-laser-es\/compresor-de-aire-de-tornillo-diesel-movil-2-ruedas\/serie-opm-2\/\",\"name\":\"SERIE OPM (2) - DSM M\u00e1quinas\",\"isPartOf\":{\"@id\":\"https:\/\/www.dsm.com.br\/es\/#website\"},\"primaryImageOfPage\":{\"@id\":\"https:\/\/www.dsm.com.br\/es\/produto\/maquinaria-metalica\/maquinas-laser-es\/compresor-de-aire-de-tornillo-diesel-movil-2-ruedas\/serie-opm-2\/#primaryimage\"},\"image\":{\"@id\":\"https:\/\/www.dsm.com.br\/es\/produto\/maquinaria-metalica\/maquinas-laser-es\/compresor-de-aire-de-tornillo-diesel-movil-2-ruedas\/serie-opm-2\/#primaryimage\"},\"thumbnailUrl\":\"https:\/\/www.dsm.com.br\/wp-content\/uploads\/2026\/01\/OPM2.jpg\",\"datePublished\":\"2026-01-21T18:22:56+00:00\",\"breadcrumb\":{\"@id\":\"https:\/\/www.dsm.com.br\/es\/produto\/maquinaria-metalica\/maquinas-laser-es\/compresor-de-aire-de-tornillo-diesel-movil-2-ruedas\/serie-opm-2\/#breadcrumb\"},\"inLanguage\":\"es\",\"potentialAction\":[{\"@type\":\"ReadAction\",\"target\":[\"https:\/\/www.dsm.com.br\/es\/produto\/maquinaria-metalica\/maquinas-laser-es\/compresor-de-aire-de-tornillo-diesel-movil-2-ruedas\/serie-opm-2\/\"]}]},{\"@type\":\"ImageObject\",\"inLanguage\":\"es\",\"@id\":\"https:\/\/www.dsm.com.br\/es\/produto\/maquinaria-metalica\/maquinas-laser-es\/compresor-de-aire-de-tornillo-diesel-movil-2-ruedas\/serie-opm-2\/#primaryimage\",\"url\":\"https:\/\/www.dsm.com.br\/wp-content\/uploads\/2026\/01\/OPM2.jpg\",\"contentUrl\":\"https:\/\/www.dsm.com.br\/wp-content\/uploads\/2026\/01\/OPM2.jpg\",\"width\":2128,\"height\":1296},{\"@type\":\"BreadcrumbList\",\"@id\":\"https:\/\/www.dsm.com.br\/es\/produto\/maquinaria-metalica\/maquinas-laser-es\/compresor-de-aire-de-tornillo-diesel-movil-2-ruedas\/serie-opm-2\/#breadcrumb\",\"itemListElement\":[{\"@type\":\"ListItem\",\"position\":1,\"name\":\"In\u00edcio\",\"item\":\"https:\/\/www.dsm.com.br\/es\/\"},{\"@type\":\"ListItem\",\"position\":2,\"name\":\"Productos\",\"item\":\"https:\/\/www.dsm.com.br\/es\/shop\/\"},{\"@type\":\"ListItem\",\"position\":3,\"name\":\"SERIE OPM (2)\"}]},{\"@type\":\"WebSite\",\"@id\":\"https:\/\/www.dsm.com.br\/es\/#website\",\"url\":\"https:\/\/www.dsm.com.br\/es\/\",\"name\":\"DSM M\u00e1quinas\",\"description\":\"\",\"potentialAction\":[{\"@type\":\"SearchAction\",\"target\":{\"@type\":\"EntryPoint\",\"urlTemplate\":\"https:\/\/www.dsm.com.br\/es\/?s={search_term_string}\"},\"query-input\":{\"@type\":\"PropertyValueSpecification\",\"valueRequired\":true,\"valueName\":\"search_term_string\"}}],\"inLanguage\":\"es\"}]}<\/script>\n<!-- \/ Yoast SEO plugin. -->","yoast_head_json":{"title":"SERIE OPM (2) - DSM M\u00e1quinas","robots":{"index":"index","follow":"follow","max-snippet":"max-snippet:-1","max-image-preview":"max-image-preview:large","max-video-preview":"max-video-preview:-1"},"canonical":"https:\/\/www.dsm.com.br\/es\/produto\/maquinaria-metalica\/maquinas-laser-es\/compresor-de-aire-de-tornillo-diesel-movil-2-ruedas\/serie-opm-2\/","og_locale":"es_ES","og_type":"article","og_title":"SERIE OPM (2) - DSM M\u00e1quinas","og_description":"MOTOR DI\u00c9SEL CON COMPRESOR DE AIRE DE TORNILLO M\u00d3VIL POTENCIA: 55KW &#8211; 81KW PRESI\u00d3N: 8BAR &#8211; 10 BAR CAUDAL: 4,5M\u00b3\/MIN &#8211; 5,0M\u00b3\/MIN &#8211; 6,0M\u00b3\/MIN &#8211; 8,0M\u00b3\/MIN","og_url":"https:\/\/www.dsm.com.br\/es\/produto\/maquinaria-metalica\/maquinas-laser-es\/compresor-de-aire-de-tornillo-diesel-movil-2-ruedas\/serie-opm-2\/","og_site_name":"DSM M\u00e1quinas","og_image":[{"width":2128,"height":1296,"url":"https:\/\/www.dsm.com.br\/wp-content\/uploads\/2026\/01\/OPM2.jpg","type":"image\/jpeg"}],"twitter_card":"summary_large_image","schema":{"@context":"https:\/\/schema.org","@graph":[{"@type":"WebPage","@id":"https:\/\/www.dsm.com.br\/es\/produto\/maquinaria-metalica\/maquinas-laser-es\/compresor-de-aire-de-tornillo-diesel-movil-2-ruedas\/serie-opm-2\/","url":"https:\/\/www.dsm.com.br\/es\/produto\/maquinaria-metalica\/maquinas-laser-es\/compresor-de-aire-de-tornillo-diesel-movil-2-ruedas\/serie-opm-2\/","name":"SERIE OPM (2) - DSM M\u00e1quinas","isPartOf":{"@id":"https:\/\/www.dsm.com.br\/es\/#website"},"primaryImageOfPage":{"@id":"https:\/\/www.dsm.com.br\/es\/produto\/maquinaria-metalica\/maquinas-laser-es\/compresor-de-aire-de-tornillo-diesel-movil-2-ruedas\/serie-opm-2\/#primaryimage"},"image":{"@id":"https:\/\/www.dsm.com.br\/es\/produto\/maquinaria-metalica\/maquinas-laser-es\/compresor-de-aire-de-tornillo-diesel-movil-2-ruedas\/serie-opm-2\/#primaryimage"},"thumbnailUrl":"https:\/\/www.dsm.com.br\/wp-content\/uploads\/2026\/01\/OPM2.jpg","datePublished":"2026-01-21T18:22:56+00:00","breadcrumb":{"@id":"https:\/\/www.dsm.com.br\/es\/produto\/maquinaria-metalica\/maquinas-laser-es\/compresor-de-aire-de-tornillo-diesel-movil-2-ruedas\/serie-opm-2\/#breadcrumb"},"inLanguage":"es","potentialAction":[{"@type":"ReadAction","target":["https:\/\/www.dsm.com.br\/es\/produto\/maquinaria-metalica\/maquinas-laser-es\/compresor-de-aire-de-tornillo-diesel-movil-2-ruedas\/serie-opm-2\/"]}]},{"@type":"ImageObject","inLanguage":"es","@id":"https:\/\/www.dsm.com.br\/es\/produto\/maquinaria-metalica\/maquinas-laser-es\/compresor-de-aire-de-tornillo-diesel-movil-2-ruedas\/serie-opm-2\/#primaryimage","url":"https:\/\/www.dsm.com.br\/wp-content\/uploads\/2026\/01\/OPM2.jpg","contentUrl":"https:\/\/www.dsm.com.br\/wp-content\/uploads\/2026\/01\/OPM2.jpg","width":2128,"height":1296},{"@type":"BreadcrumbList","@id":"https:\/\/www.dsm.com.br\/es\/produto\/maquinaria-metalica\/maquinas-laser-es\/compresor-de-aire-de-tornillo-diesel-movil-2-ruedas\/serie-opm-2\/#breadcrumb","itemListElement":[{"@type":"ListItem","position":1,"name":"In\u00edcio","item":"https:\/\/www.dsm.com.br\/es\/"},{"@type":"ListItem","position":2,"name":"Productos","item":"https:\/\/www.dsm.com.br\/es\/shop\/"},{"@type":"ListItem","position":3,"name":"SERIE OPM (2)"}]},{"@type":"WebSite","@id":"https:\/\/www.dsm.com.br\/es\/#website","url":"https:\/\/www.dsm.com.br\/es\/","name":"DSM M\u00e1quinas","description":"","potentialAction":[{"@type":"SearchAction","target":{"@type":"EntryPoint","urlTemplate":"https:\/\/www.dsm.com.br\/es\/?s={search_term_string}"},"query-input":{"@type":"PropertyValueSpecification","valueRequired":true,"valueName":"search_term_string"}}],"inLanguage":"es"}]}},"_links":{"self":[{"href":"https:\/\/www.dsm.com.br\/es\/wp-json\/wp\/v2\/product\/5703","targetHints":{"allow":["GET"]}}],"collection":[{"href":"https:\/\/www.dsm.com.br\/es\/wp-json\/wp\/v2\/product"}],"about":[{"href":"https:\/\/www.dsm.com.br\/es\/wp-json\/wp\/v2\/types\/product"}],"replies":[{"embeddable":true,"href":"https:\/\/www.dsm.com.br\/es\/wp-json\/wp\/v2\/comments?post=5703"}],"wp:featuredmedia":[{"embeddable":true,"href":"https:\/\/www.dsm.com.br\/es\/wp-json\/wp\/v2\/media\/3327"}],"wp:attachment":[{"href":"https:\/\/www.dsm.com.br\/es\/wp-json\/wp\/v2\/media?parent=5703"}],"wp:term":[{"taxonomy":"product_brand","embeddable":true,"href":"https:\/\/www.dsm.com.br\/es\/wp-json\/wp\/v2\/product_brand?post=5703"},{"taxonomy":"product_cat","embeddable":true,"href":"https:\/\/www.dsm.com.br\/es\/wp-json\/wp\/v2\/product_cat?post=5703"},{"taxonomy":"product_tag","embeddable":true,"href":"https:\/\/www.dsm.com.br\/es\/wp-json\/wp\/v2\/product_tag?post=5703"}],"curies":[{"name":"wp","href":"https:\/\/api.w.org\/{rel}","templated":true}]}}