{"id":5636,"date":"2026-01-21T15:22:57","date_gmt":"2026-01-21T18:22:57","guid":{"rendered":"https:\/\/www.dsm.com.br\/produto\/sin categor\u00eda\/tanque-de-ar-serie-oat\/"},"modified":"2026-01-21T15:22:57","modified_gmt":"2026-01-21T18:22:57","slug":"tanque-de-ar-serie-oat","status":"publish","type":"product","link":"https:\/\/www.dsm.com.br\/es\/produto\/robots-industriales\/compresores-de-aire-robots-industriales\/tanque-de-ar-serie-oat\/","title":{"rendered":"TANQUE DE AR SERIE OAT"},"content":{"rendered":"<p>La serie Air Tanks &#8211; OAT es una opci\u00f3n fiable y eficiente para empresas que buscan optimizar sus sistemas de aire comprimido. Con capacidades variables, presi\u00f3n de trabajo ajustable y una estructura robusta, estos tanques ofrecen estabilidad de presi\u00f3n, deshumidificaci\u00f3n y ahorro energ\u00e9tico. La Serie OAT es ideal para industrias que buscan mejorar la eficiencia de sus procesos, garantizar la seguridad de los sistemas y reducir costes operativos, manteniendo al mismo tiempo un funcionamiento estable y continuo.<\/p>\n","protected":false},"excerpt":{"rendered":"<p>La serie Air Tanks &#8211; OAT es una opci\u00f3n fiable y eficiente para empresas que buscan optimizar sus sistemas de aire comprimido. Con capacidades variables, presi\u00f3n de trabajo ajustable y una estructura robusta, estos tanques ofrecen estabilidad de presi\u00f3n, deshumidificaci\u00f3n y ahorro energ\u00e9tico. La Serie OAT es ideal para industrias que buscan mejorar la eficiencia [&hellip;]<\/p>\n","protected":false},"featured_media":3333,"comment_status":"open","ping_status":"closed","template":"","meta":{"_acf_changed":false},"product_brand":[],"product_cat":[460,461,462,463,464,465],"product_tag":[],"class_list":{"0":"post-5636","1":"product","2":"type-product","3":"status-publish","4":"has-post-thumbnail","6":"product_cat-robots-industriales","7":"product_cat-maquinaria-metalica","8":"product_cat-compresores-de-aire-robots-industriales","9":"product_cat-maquinas-de-impresion-y-envases","10":"product_cat-maquinaria-de-plasticos","11":"product_cat-maquinaria-de-madera","13":"first","14":"instock","15":"taxable","16":"shipping-taxable","17":"product-type-simple"},"acf":[],"yoast_head":"<!-- This site is optimized with the Yoast SEO plugin v27.0 - https:\/\/yoast.com\/product\/yoast-seo-wordpress\/ -->\n<title>TANQUE DE AR SERIE OAT - DSM M\u00e1quinas<\/title>\n<meta name=\"robots\" content=\"index, follow, max-snippet:-1, max-image-preview:large, max-video-preview:-1\" \/>\n<link rel=\"canonical\" href=\"https:\/\/www.dsm.com.br\/es\/produto\/robots-industriales\/compresores-de-aire-robots-industriales\/tanque-de-ar-serie-oat\/\" \/>\n<meta property=\"og:locale\" content=\"es_ES\" \/>\n<meta property=\"og:type\" content=\"article\" \/>\n<meta property=\"og:title\" content=\"TANQUE DE AR SERIE OAT - DSM M\u00e1quinas\" \/>\n<meta property=\"og:description\" content=\"La serie Air Tanks &#8211; OAT es una opci\u00f3n fiable y eficiente para empresas que buscan optimizar sus sistemas de aire comprimido. Con capacidades variables, presi\u00f3n de trabajo ajustable y una estructura robusta, estos tanques ofrecen estabilidad de presi\u00f3n, deshumidificaci\u00f3n y ahorro energ\u00e9tico. La Serie OAT es ideal para industrias que buscan mejorar la eficiencia [&hellip;]\" \/>\n<meta property=\"og:url\" content=\"https:\/\/www.dsm.com.br\/es\/produto\/robots-industriales\/compresores-de-aire-robots-industriales\/tanque-de-ar-serie-oat\/\" \/>\n<meta property=\"og:site_name\" content=\"DSM M\u00e1quinas\" \/>\n<meta property=\"og:image\" content=\"https:\/\/www.dsm.com.br\/wp-content\/uploads\/2026\/01\/TANQUEDEAR.jpg\" \/>\n\t<meta property=\"og:image:width\" content=\"800\" \/>\n\t<meta property=\"og:image:height\" content=\"800\" \/>\n\t<meta property=\"og:image:type\" content=\"image\/jpeg\" \/>\n<meta name=\"twitter:card\" content=\"summary_large_image\" \/>\n<script type=\"application\/ld+json\" class=\"yoast-schema-graph\">{\"@context\":\"https:\/\/schema.org\",\"@graph\":[{\"@type\":\"WebPage\",\"@id\":\"https:\/\/www.dsm.com.br\/es\/produto\/robots-industriales\/compresores-de-aire-robots-industriales\/tanque-de-ar-serie-oat\/\",\"url\":\"https:\/\/www.dsm.com.br\/es\/produto\/robots-industriales\/compresores-de-aire-robots-industriales\/tanque-de-ar-serie-oat\/\",\"name\":\"TANQUE DE AR SERIE OAT - DSM M\u00e1quinas\",\"isPartOf\":{\"@id\":\"https:\/\/www.dsm.com.br\/es\/#website\"},\"primaryImageOfPage\":{\"@id\":\"https:\/\/www.dsm.com.br\/es\/produto\/robots-industriales\/compresores-de-aire-robots-industriales\/tanque-de-ar-serie-oat\/#primaryimage\"},\"image\":{\"@id\":\"https:\/\/www.dsm.com.br\/es\/produto\/robots-industriales\/compresores-de-aire-robots-industriales\/tanque-de-ar-serie-oat\/#primaryimage\"},\"thumbnailUrl\":\"https:\/\/www.dsm.com.br\/wp-content\/uploads\/2026\/01\/TANQUEDEAR.jpg\",\"datePublished\":\"2026-01-21T18:22:57+00:00\",\"breadcrumb\":{\"@id\":\"https:\/\/www.dsm.com.br\/es\/produto\/robots-industriales\/compresores-de-aire-robots-industriales\/tanque-de-ar-serie-oat\/#breadcrumb\"},\"inLanguage\":\"es\",\"potentialAction\":[{\"@type\":\"ReadAction\",\"target\":[\"https:\/\/www.dsm.com.br\/es\/produto\/robots-industriales\/compresores-de-aire-robots-industriales\/tanque-de-ar-serie-oat\/\"]}]},{\"@type\":\"ImageObject\",\"inLanguage\":\"es\",\"@id\":\"https:\/\/www.dsm.com.br\/es\/produto\/robots-industriales\/compresores-de-aire-robots-industriales\/tanque-de-ar-serie-oat\/#primaryimage\",\"url\":\"https:\/\/www.dsm.com.br\/wp-content\/uploads\/2026\/01\/TANQUEDEAR.jpg\",\"contentUrl\":\"https:\/\/www.dsm.com.br\/wp-content\/uploads\/2026\/01\/TANQUEDEAR.jpg\",\"width\":800,\"height\":800},{\"@type\":\"BreadcrumbList\",\"@id\":\"https:\/\/www.dsm.com.br\/es\/produto\/robots-industriales\/compresores-de-aire-robots-industriales\/tanque-de-ar-serie-oat\/#breadcrumb\",\"itemListElement\":[{\"@type\":\"ListItem\",\"position\":1,\"name\":\"In\u00edcio\",\"item\":\"https:\/\/www.dsm.com.br\/es\/\"},{\"@type\":\"ListItem\",\"position\":2,\"name\":\"Productos\",\"item\":\"https:\/\/www.dsm.com.br\/es\/shop\/\"},{\"@type\":\"ListItem\",\"position\":3,\"name\":\"TANQUE DE AR SERIE OAT\"}]},{\"@type\":\"WebSite\",\"@id\":\"https:\/\/www.dsm.com.br\/es\/#website\",\"url\":\"https:\/\/www.dsm.com.br\/es\/\",\"name\":\"DSM M\u00e1quinas\",\"description\":\"\",\"potentialAction\":[{\"@type\":\"SearchAction\",\"target\":{\"@type\":\"EntryPoint\",\"urlTemplate\":\"https:\/\/www.dsm.com.br\/es\/?s={search_term_string}\"},\"query-input\":{\"@type\":\"PropertyValueSpecification\",\"valueRequired\":true,\"valueName\":\"search_term_string\"}}],\"inLanguage\":\"es\"}]}<\/script>\n<!-- \/ Yoast SEO plugin. -->","yoast_head_json":{"title":"TANQUE DE AR SERIE OAT - DSM M\u00e1quinas","robots":{"index":"index","follow":"follow","max-snippet":"max-snippet:-1","max-image-preview":"max-image-preview:large","max-video-preview":"max-video-preview:-1"},"canonical":"https:\/\/www.dsm.com.br\/es\/produto\/robots-industriales\/compresores-de-aire-robots-industriales\/tanque-de-ar-serie-oat\/","og_locale":"es_ES","og_type":"article","og_title":"TANQUE DE AR SERIE OAT - DSM M\u00e1quinas","og_description":"La serie Air Tanks &#8211; OAT es una opci\u00f3n fiable y eficiente para empresas que buscan optimizar sus sistemas de aire comprimido. Con capacidades variables, presi\u00f3n de trabajo ajustable y una estructura robusta, estos tanques ofrecen estabilidad de presi\u00f3n, deshumidificaci\u00f3n y ahorro energ\u00e9tico. La Serie OAT es ideal para industrias que buscan mejorar la eficiencia [&hellip;]","og_url":"https:\/\/www.dsm.com.br\/es\/produto\/robots-industriales\/compresores-de-aire-robots-industriales\/tanque-de-ar-serie-oat\/","og_site_name":"DSM M\u00e1quinas","og_image":[{"width":800,"height":800,"url":"https:\/\/www.dsm.com.br\/wp-content\/uploads\/2026\/01\/TANQUEDEAR.jpg","type":"image\/jpeg"}],"twitter_card":"summary_large_image","schema":{"@context":"https:\/\/schema.org","@graph":[{"@type":"WebPage","@id":"https:\/\/www.dsm.com.br\/es\/produto\/robots-industriales\/compresores-de-aire-robots-industriales\/tanque-de-ar-serie-oat\/","url":"https:\/\/www.dsm.com.br\/es\/produto\/robots-industriales\/compresores-de-aire-robots-industriales\/tanque-de-ar-serie-oat\/","name":"TANQUE DE AR SERIE OAT - DSM M\u00e1quinas","isPartOf":{"@id":"https:\/\/www.dsm.com.br\/es\/#website"},"primaryImageOfPage":{"@id":"https:\/\/www.dsm.com.br\/es\/produto\/robots-industriales\/compresores-de-aire-robots-industriales\/tanque-de-ar-serie-oat\/#primaryimage"},"image":{"@id":"https:\/\/www.dsm.com.br\/es\/produto\/robots-industriales\/compresores-de-aire-robots-industriales\/tanque-de-ar-serie-oat\/#primaryimage"},"thumbnailUrl":"https:\/\/www.dsm.com.br\/wp-content\/uploads\/2026\/01\/TANQUEDEAR.jpg","datePublished":"2026-01-21T18:22:57+00:00","breadcrumb":{"@id":"https:\/\/www.dsm.com.br\/es\/produto\/robots-industriales\/compresores-de-aire-robots-industriales\/tanque-de-ar-serie-oat\/#breadcrumb"},"inLanguage":"es","potentialAction":[{"@type":"ReadAction","target":["https:\/\/www.dsm.com.br\/es\/produto\/robots-industriales\/compresores-de-aire-robots-industriales\/tanque-de-ar-serie-oat\/"]}]},{"@type":"ImageObject","inLanguage":"es","@id":"https:\/\/www.dsm.com.br\/es\/produto\/robots-industriales\/compresores-de-aire-robots-industriales\/tanque-de-ar-serie-oat\/#primaryimage","url":"https:\/\/www.dsm.com.br\/wp-content\/uploads\/2026\/01\/TANQUEDEAR.jpg","contentUrl":"https:\/\/www.dsm.com.br\/wp-content\/uploads\/2026\/01\/TANQUEDEAR.jpg","width":800,"height":800},{"@type":"BreadcrumbList","@id":"https:\/\/www.dsm.com.br\/es\/produto\/robots-industriales\/compresores-de-aire-robots-industriales\/tanque-de-ar-serie-oat\/#breadcrumb","itemListElement":[{"@type":"ListItem","position":1,"name":"In\u00edcio","item":"https:\/\/www.dsm.com.br\/es\/"},{"@type":"ListItem","position":2,"name":"Productos","item":"https:\/\/www.dsm.com.br\/es\/shop\/"},{"@type":"ListItem","position":3,"name":"TANQUE DE AR SERIE OAT"}]},{"@type":"WebSite","@id":"https:\/\/www.dsm.com.br\/es\/#website","url":"https:\/\/www.dsm.com.br\/es\/","name":"DSM M\u00e1quinas","description":"","potentialAction":[{"@type":"SearchAction","target":{"@type":"EntryPoint","urlTemplate":"https:\/\/www.dsm.com.br\/es\/?s={search_term_string}"},"query-input":{"@type":"PropertyValueSpecification","valueRequired":true,"valueName":"search_term_string"}}],"inLanguage":"es"}]}},"_links":{"self":[{"href":"https:\/\/www.dsm.com.br\/es\/wp-json\/wp\/v2\/product\/5636","targetHints":{"allow":["GET"]}}],"collection":[{"href":"https:\/\/www.dsm.com.br\/es\/wp-json\/wp\/v2\/product"}],"about":[{"href":"https:\/\/www.dsm.com.br\/es\/wp-json\/wp\/v2\/types\/product"}],"replies":[{"embeddable":true,"href":"https:\/\/www.dsm.com.br\/es\/wp-json\/wp\/v2\/comments?post=5636"}],"wp:featuredmedia":[{"embeddable":true,"href":"https:\/\/www.dsm.com.br\/es\/wp-json\/wp\/v2\/media\/3333"}],"wp:attachment":[{"href":"https:\/\/www.dsm.com.br\/es\/wp-json\/wp\/v2\/media?parent=5636"}],"wp:term":[{"taxonomy":"product_brand","embeddable":true,"href":"https:\/\/www.dsm.com.br\/es\/wp-json\/wp\/v2\/product_brand?post=5636"},{"taxonomy":"product_cat","embeddable":true,"href":"https:\/\/www.dsm.com.br\/es\/wp-json\/wp\/v2\/product_cat?post=5636"},{"taxonomy":"product_tag","embeddable":true,"href":"https:\/\/www.dsm.com.br\/es\/wp-json\/wp\/v2\/product_tag?post=5636"}],"curies":[{"name":"wp","href":"https:\/\/api.w.org\/{rel}","templated":true}]}}