{"id":6464,"date":"2026-01-14T11:57:24","date_gmt":"2026-01-14T14:57:24","guid":{"rendered":"https:\/\/www.dsm.com.br\/produto\/uncategorized\/nrh-series-double-platen\/"},"modified":"2026-01-14T11:57:24","modified_gmt":"2026-01-14T14:57:24","slug":"nrh-series-double-platen","status":"publish","type":"product","link":"https:\/\/www.dsm.com.br\/en\/produto\/plastics-machinery\/horizontal-closure-injection-molding-machines\/nrh-series-double-platen\/","title":{"rendered":"NRH Series Double Platen"},"content":{"rendered":"<p>Clamping Force: 520ton ~ 700ton ~ 900ton ~ 1100ton ~ 1300ton ~ 1600ton ~ 2000ton ~ 2500ton ~ 3200ton ~ 4000ton<\/p>\n<p>Threads: \u00d885 ~ \u00d890 ~ \u00d895 ~ \u00d8100 ~ \u00d8105 ~ \u00d8110 ~ \u00d8120 ~ \u00d8130 ~ \u00d8140 ~ \u00d8155 ~ \u00d8160 ~ \u00d8175 ~ \u00d8190 ~ \u00d8205 ~ \u00d8215mm<\/p>\n","protected":false},"excerpt":{"rendered":"<p>Clamping Force: 520ton ~ 700ton ~ 900ton ~ 1100ton ~ 1300ton ~ 1600ton ~ 2000ton ~ 2500ton ~ 3200ton ~ 4000ton Threads: \u00d885 ~ \u00d890 ~ \u00d895 ~ \u00d8100 ~ \u00d8105 ~ \u00d8110 ~ \u00d8120 ~ \u00d8130 ~ \u00d8140 ~ \u00d8155 ~ \u00d8160 ~ \u00d8175 ~ \u00d8190 ~ \u00d8205 ~ \u00d8215mm<\/p>\n","protected":false},"featured_media":3747,"comment_status":"open","ping_status":"closed","template":"","meta":{"_acf_changed":false},"product_brand":[],"product_cat":[792],"product_tag":[],"class_list":{"0":"post-6464","1":"product","2":"type-product","3":"status-publish","4":"has-post-thumbnail","6":"product_cat-horizontal-closure-injection-molding-machines","8":"first","9":"instock","10":"taxable","11":"shipping-taxable","12":"product-type-simple"},"acf":[],"yoast_head":"<!-- This site is optimized with the Yoast SEO plugin v27.0 - https:\/\/yoast.com\/product\/yoast-seo-wordpress\/ -->\n<title>NRH Series Double Platen - DSM M\u00e1quinas<\/title>\n<meta name=\"robots\" content=\"index, follow, max-snippet:-1, max-image-preview:large, max-video-preview:-1\" \/>\n<link rel=\"canonical\" href=\"https:\/\/www.dsm.com.br\/en\/produto\/plastics-machinery\/horizontal-closure-injection-molding-machines\/nrh-series-double-platen\/\" \/>\n<meta property=\"og:locale\" content=\"en_US\" \/>\n<meta property=\"og:type\" content=\"article\" \/>\n<meta property=\"og:title\" content=\"NRH Series Double Platen - DSM M\u00e1quinas\" \/>\n<meta property=\"og:description\" content=\"Clamping Force: 520ton ~ 700ton ~ 900ton ~ 1100ton ~ 1300ton ~ 1600ton ~ 2000ton ~ 2500ton ~ 3200ton ~ 4000ton Threads: \u00d885 ~ \u00d890 ~ \u00d895 ~ \u00d8100 ~ \u00d8105 ~ \u00d8110 ~ \u00d8120 ~ \u00d8130 ~ \u00d8140 ~ \u00d8155 ~ \u00d8160 ~ \u00d8175 ~ \u00d8190 ~ \u00d8205 ~ \u00d8215mm\" \/>\n<meta property=\"og:url\" content=\"https:\/\/www.dsm.com.br\/en\/produto\/plastics-machinery\/horizontal-closure-injection-molding-machines\/nrh-series-double-platen\/\" \/>\n<meta property=\"og:site_name\" content=\"DSM M\u00e1quinas\" \/>\n<meta property=\"og:image\" content=\"https:\/\/www.dsm.com.br\/wp-content\/uploads\/2026\/01\/d41d8cd98f00b204e9800998ecf8427e02032024180021.jpg\" \/>\n\t<meta property=\"og:image:width\" content=\"803\" \/>\n\t<meta property=\"og:image:height\" content=\"248\" \/>\n\t<meta property=\"og:image:type\" content=\"image\/jpeg\" \/>\n<meta name=\"twitter:card\" content=\"summary_large_image\" \/>\n<script type=\"application\/ld+json\" class=\"yoast-schema-graph\">{\"@context\":\"https:\/\/schema.org\",\"@graph\":[{\"@type\":\"WebPage\",\"@id\":\"https:\/\/www.dsm.com.br\/en\/produto\/plastics-machinery\/horizontal-closure-injection-molding-machines\/nrh-series-double-platen\/\",\"url\":\"https:\/\/www.dsm.com.br\/en\/produto\/plastics-machinery\/horizontal-closure-injection-molding-machines\/nrh-series-double-platen\/\",\"name\":\"NRH Series Double Platen - DSM M\u00e1quinas\",\"isPartOf\":{\"@id\":\"https:\/\/www.dsm.com.br\/en\/#website\"},\"primaryImageOfPage\":{\"@id\":\"https:\/\/www.dsm.com.br\/en\/produto\/plastics-machinery\/horizontal-closure-injection-molding-machines\/nrh-series-double-platen\/#primaryimage\"},\"image\":{\"@id\":\"https:\/\/www.dsm.com.br\/en\/produto\/plastics-machinery\/horizontal-closure-injection-molding-machines\/nrh-series-double-platen\/#primaryimage\"},\"thumbnailUrl\":\"https:\/\/www.dsm.com.br\/wp-content\/uploads\/2026\/01\/d41d8cd98f00b204e9800998ecf8427e02032024180021.jpg\",\"datePublished\":\"2026-01-14T14:57:24+00:00\",\"breadcrumb\":{\"@id\":\"https:\/\/www.dsm.com.br\/en\/produto\/plastics-machinery\/horizontal-closure-injection-molding-machines\/nrh-series-double-platen\/#breadcrumb\"},\"inLanguage\":\"en-US\",\"potentialAction\":[{\"@type\":\"ReadAction\",\"target\":[\"https:\/\/www.dsm.com.br\/en\/produto\/plastics-machinery\/horizontal-closure-injection-molding-machines\/nrh-series-double-platen\/\"]}]},{\"@type\":\"ImageObject\",\"inLanguage\":\"en-US\",\"@id\":\"https:\/\/www.dsm.com.br\/en\/produto\/plastics-machinery\/horizontal-closure-injection-molding-machines\/nrh-series-double-platen\/#primaryimage\",\"url\":\"https:\/\/www.dsm.com.br\/wp-content\/uploads\/2026\/01\/d41d8cd98f00b204e9800998ecf8427e02032024180021.jpg\",\"contentUrl\":\"https:\/\/www.dsm.com.br\/wp-content\/uploads\/2026\/01\/d41d8cd98f00b204e9800998ecf8427e02032024180021.jpg\",\"width\":803,\"height\":248},{\"@type\":\"BreadcrumbList\",\"@id\":\"https:\/\/www.dsm.com.br\/en\/produto\/plastics-machinery\/horizontal-closure-injection-molding-machines\/nrh-series-double-platen\/#breadcrumb\",\"itemListElement\":[{\"@type\":\"ListItem\",\"position\":1,\"name\":\"In\u00edcio\",\"item\":\"https:\/\/www.dsm.com.br\/en\/\"},{\"@type\":\"ListItem\",\"position\":2,\"name\":\"Products\",\"item\":\"https:\/\/www.dsm.com.br\/en\/shop\/\"},{\"@type\":\"ListItem\",\"position\":3,\"name\":\"NRH Series Double Platen\"}]},{\"@type\":\"WebSite\",\"@id\":\"https:\/\/www.dsm.com.br\/en\/#website\",\"url\":\"https:\/\/www.dsm.com.br\/en\/\",\"name\":\"DSM M\u00e1quinas\",\"description\":\"\",\"potentialAction\":[{\"@type\":\"SearchAction\",\"target\":{\"@type\":\"EntryPoint\",\"urlTemplate\":\"https:\/\/www.dsm.com.br\/en\/?s={search_term_string}\"},\"query-input\":{\"@type\":\"PropertyValueSpecification\",\"valueRequired\":true,\"valueName\":\"search_term_string\"}}],\"inLanguage\":\"en-US\"}]}<\/script>\n<!-- \/ Yoast SEO plugin. -->","yoast_head_json":{"title":"NRH Series Double Platen - DSM M\u00e1quinas","robots":{"index":"index","follow":"follow","max-snippet":"max-snippet:-1","max-image-preview":"max-image-preview:large","max-video-preview":"max-video-preview:-1"},"canonical":"https:\/\/www.dsm.com.br\/en\/produto\/plastics-machinery\/horizontal-closure-injection-molding-machines\/nrh-series-double-platen\/","og_locale":"en_US","og_type":"article","og_title":"NRH Series Double Platen - DSM M\u00e1quinas","og_description":"Clamping Force: 520ton ~ 700ton ~ 900ton ~ 1100ton ~ 1300ton ~ 1600ton ~ 2000ton ~ 2500ton ~ 3200ton ~ 4000ton Threads: \u00d885 ~ \u00d890 ~ \u00d895 ~ \u00d8100 ~ \u00d8105 ~ \u00d8110 ~ \u00d8120 ~ \u00d8130 ~ \u00d8140 ~ \u00d8155 ~ \u00d8160 ~ \u00d8175 ~ \u00d8190 ~ \u00d8205 ~ \u00d8215mm","og_url":"https:\/\/www.dsm.com.br\/en\/produto\/plastics-machinery\/horizontal-closure-injection-molding-machines\/nrh-series-double-platen\/","og_site_name":"DSM M\u00e1quinas","og_image":[{"width":803,"height":248,"url":"https:\/\/www.dsm.com.br\/wp-content\/uploads\/2026\/01\/d41d8cd98f00b204e9800998ecf8427e02032024180021.jpg","type":"image\/jpeg"}],"twitter_card":"summary_large_image","schema":{"@context":"https:\/\/schema.org","@graph":[{"@type":"WebPage","@id":"https:\/\/www.dsm.com.br\/en\/produto\/plastics-machinery\/horizontal-closure-injection-molding-machines\/nrh-series-double-platen\/","url":"https:\/\/www.dsm.com.br\/en\/produto\/plastics-machinery\/horizontal-closure-injection-molding-machines\/nrh-series-double-platen\/","name":"NRH Series Double Platen - DSM M\u00e1quinas","isPartOf":{"@id":"https:\/\/www.dsm.com.br\/en\/#website"},"primaryImageOfPage":{"@id":"https:\/\/www.dsm.com.br\/en\/produto\/plastics-machinery\/horizontal-closure-injection-molding-machines\/nrh-series-double-platen\/#primaryimage"},"image":{"@id":"https:\/\/www.dsm.com.br\/en\/produto\/plastics-machinery\/horizontal-closure-injection-molding-machines\/nrh-series-double-platen\/#primaryimage"},"thumbnailUrl":"https:\/\/www.dsm.com.br\/wp-content\/uploads\/2026\/01\/d41d8cd98f00b204e9800998ecf8427e02032024180021.jpg","datePublished":"2026-01-14T14:57:24+00:00","breadcrumb":{"@id":"https:\/\/www.dsm.com.br\/en\/produto\/plastics-machinery\/horizontal-closure-injection-molding-machines\/nrh-series-double-platen\/#breadcrumb"},"inLanguage":"en-US","potentialAction":[{"@type":"ReadAction","target":["https:\/\/www.dsm.com.br\/en\/produto\/plastics-machinery\/horizontal-closure-injection-molding-machines\/nrh-series-double-platen\/"]}]},{"@type":"ImageObject","inLanguage":"en-US","@id":"https:\/\/www.dsm.com.br\/en\/produto\/plastics-machinery\/horizontal-closure-injection-molding-machines\/nrh-series-double-platen\/#primaryimage","url":"https:\/\/www.dsm.com.br\/wp-content\/uploads\/2026\/01\/d41d8cd98f00b204e9800998ecf8427e02032024180021.jpg","contentUrl":"https:\/\/www.dsm.com.br\/wp-content\/uploads\/2026\/01\/d41d8cd98f00b204e9800998ecf8427e02032024180021.jpg","width":803,"height":248},{"@type":"BreadcrumbList","@id":"https:\/\/www.dsm.com.br\/en\/produto\/plastics-machinery\/horizontal-closure-injection-molding-machines\/nrh-series-double-platen\/#breadcrumb","itemListElement":[{"@type":"ListItem","position":1,"name":"In\u00edcio","item":"https:\/\/www.dsm.com.br\/en\/"},{"@type":"ListItem","position":2,"name":"Products","item":"https:\/\/www.dsm.com.br\/en\/shop\/"},{"@type":"ListItem","position":3,"name":"NRH Series Double Platen"}]},{"@type":"WebSite","@id":"https:\/\/www.dsm.com.br\/en\/#website","url":"https:\/\/www.dsm.com.br\/en\/","name":"DSM M\u00e1quinas","description":"","potentialAction":[{"@type":"SearchAction","target":{"@type":"EntryPoint","urlTemplate":"https:\/\/www.dsm.com.br\/en\/?s={search_term_string}"},"query-input":{"@type":"PropertyValueSpecification","valueRequired":true,"valueName":"search_term_string"}}],"inLanguage":"en-US"}]}},"_links":{"self":[{"href":"https:\/\/www.dsm.com.br\/en\/wp-json\/wp\/v2\/product\/6464","targetHints":{"allow":["GET"]}}],"collection":[{"href":"https:\/\/www.dsm.com.br\/en\/wp-json\/wp\/v2\/product"}],"about":[{"href":"https:\/\/www.dsm.com.br\/en\/wp-json\/wp\/v2\/types\/product"}],"replies":[{"embeddable":true,"href":"https:\/\/www.dsm.com.br\/en\/wp-json\/wp\/v2\/comments?post=6464"}],"wp:featuredmedia":[{"embeddable":true,"href":"https:\/\/www.dsm.com.br\/en\/wp-json\/wp\/v2\/media\/3747"}],"wp:attachment":[{"href":"https:\/\/www.dsm.com.br\/en\/wp-json\/wp\/v2\/media?parent=6464"}],"wp:term":[{"taxonomy":"product_brand","embeddable":true,"href":"https:\/\/www.dsm.com.br\/en\/wp-json\/wp\/v2\/product_brand?post=6464"},{"taxonomy":"product_cat","embeddable":true,"href":"https:\/\/www.dsm.com.br\/en\/wp-json\/wp\/v2\/product_cat?post=6464"},{"taxonomy":"product_tag","embeddable":true,"href":"https:\/\/www.dsm.com.br\/en\/wp-json\/wp\/v2\/product_tag?post=6464"}],"curies":[{"name":"wp","href":"https:\/\/api.w.org\/{rel}","templated":true}]}}