{"id":6433,"date":"2026-01-14T11:57:26","date_gmt":"2026-01-14T14:57:26","guid":{"rendered":"https:\/\/www.dsm.com.br\/produto\/uncategorized\/yt-series\/"},"modified":"2026-01-14T11:57:26","modified_gmt":"2026-01-14T14:57:26","slug":"yt-series","status":"publish","type":"product","link":"https:\/\/www.dsm.com.br\/en\/produto\/plastics-machinery\/vertical-closing-injection-molding-machines\/yt-series\/","title":{"rendered":"YT Series"},"content":{"rendered":"<p>Clamping Force: 60ton ~ 90ton ~ 120ton ~ 160ton ~ 200ton ~ 250ton ~ 350ton Threads: \u00d832 ~ \u00d834 ~ \u00d838 ~ \u00d840 ~ \u00d842 ~ \u00d846 ~ \u00d850 ~ \u00d855 ~ \u00d865mm ~ \u00d870mm<\/p>\n<p>Tables: Fixed (V), 2 Positions (2s)<\/p>\n","protected":false},"excerpt":{"rendered":"<p>Clamping Force: 60ton ~ 90ton ~ 120ton ~ 160ton ~ 200ton ~ 250ton ~ 350ton Threads: \u00d832 ~ \u00d834 ~ \u00d838 ~ \u00d840 ~ \u00d842 ~ \u00d846 ~ \u00d850 ~ \u00d855 ~ \u00d865mm ~ \u00d870mm Tables: Fixed (V), 2 Positions (2s)<\/p>\n","protected":false},"featured_media":3763,"comment_status":"open","ping_status":"closed","template":"","meta":{"_acf_changed":false},"product_brand":[],"product_cat":[796],"product_tag":[],"class_list":{"0":"post-6433","1":"product","2":"type-product","3":"status-publish","4":"has-post-thumbnail","6":"product_cat-vertical-closing-injection-molding-machines","8":"first","9":"instock","10":"taxable","11":"shipping-taxable","12":"product-type-simple"},"acf":[],"yoast_head":"<!-- This site is optimized with the Yoast SEO plugin v27.0 - https:\/\/yoast.com\/product\/yoast-seo-wordpress\/ -->\n<title>YT Series - DSM M\u00e1quinas<\/title>\n<meta name=\"robots\" content=\"index, follow, max-snippet:-1, max-image-preview:large, max-video-preview:-1\" \/>\n<link rel=\"canonical\" href=\"https:\/\/www.dsm.com.br\/en\/produto\/plastics-machinery\/vertical-closing-injection-molding-machines\/yt-series\/\" \/>\n<meta property=\"og:locale\" content=\"en_US\" \/>\n<meta property=\"og:type\" content=\"article\" \/>\n<meta property=\"og:title\" content=\"YT Series - DSM M\u00e1quinas\" \/>\n<meta property=\"og:description\" content=\"Clamping Force: 60ton ~ 90ton ~ 120ton ~ 160ton ~ 200ton ~ 250ton ~ 350ton Threads: \u00d832 ~ \u00d834 ~ \u00d838 ~ \u00d840 ~ \u00d842 ~ \u00d846 ~ \u00d850 ~ \u00d855 ~ \u00d865mm ~ \u00d870mm Tables: Fixed (V), 2 Positions (2s)\" \/>\n<meta property=\"og:url\" content=\"https:\/\/www.dsm.com.br\/en\/produto\/plastics-machinery\/vertical-closing-injection-molding-machines\/yt-series\/\" \/>\n<meta property=\"og:site_name\" content=\"DSM M\u00e1quinas\" \/>\n<meta property=\"og:image\" content=\"https:\/\/www.dsm.com.br\/wp-content\/uploads\/2026\/01\/d41d8cd98f00b204e9800998ecf8427e02032024172823.jpg\" \/>\n\t<meta property=\"og:image:width\" content=\"900\" \/>\n\t<meta property=\"og:image:height\" content=\"642\" \/>\n\t<meta property=\"og:image:type\" content=\"image\/jpeg\" \/>\n<meta name=\"twitter:card\" content=\"summary_large_image\" \/>\n<script type=\"application\/ld+json\" class=\"yoast-schema-graph\">{\"@context\":\"https:\/\/schema.org\",\"@graph\":[{\"@type\":\"WebPage\",\"@id\":\"https:\/\/www.dsm.com.br\/en\/produto\/plastics-machinery\/vertical-closing-injection-molding-machines\/yt-series\/\",\"url\":\"https:\/\/www.dsm.com.br\/en\/produto\/plastics-machinery\/vertical-closing-injection-molding-machines\/yt-series\/\",\"name\":\"YT Series - DSM M\u00e1quinas\",\"isPartOf\":{\"@id\":\"https:\/\/www.dsm.com.br\/en\/#website\"},\"primaryImageOfPage\":{\"@id\":\"https:\/\/www.dsm.com.br\/en\/produto\/plastics-machinery\/vertical-closing-injection-molding-machines\/yt-series\/#primaryimage\"},\"image\":{\"@id\":\"https:\/\/www.dsm.com.br\/en\/produto\/plastics-machinery\/vertical-closing-injection-molding-machines\/yt-series\/#primaryimage\"},\"thumbnailUrl\":\"https:\/\/www.dsm.com.br\/wp-content\/uploads\/2026\/01\/d41d8cd98f00b204e9800998ecf8427e02032024172823.jpg\",\"datePublished\":\"2026-01-14T14:57:26+00:00\",\"breadcrumb\":{\"@id\":\"https:\/\/www.dsm.com.br\/en\/produto\/plastics-machinery\/vertical-closing-injection-molding-machines\/yt-series\/#breadcrumb\"},\"inLanguage\":\"en-US\",\"potentialAction\":[{\"@type\":\"ReadAction\",\"target\":[\"https:\/\/www.dsm.com.br\/en\/produto\/plastics-machinery\/vertical-closing-injection-molding-machines\/yt-series\/\"]}]},{\"@type\":\"ImageObject\",\"inLanguage\":\"en-US\",\"@id\":\"https:\/\/www.dsm.com.br\/en\/produto\/plastics-machinery\/vertical-closing-injection-molding-machines\/yt-series\/#primaryimage\",\"url\":\"https:\/\/www.dsm.com.br\/wp-content\/uploads\/2026\/01\/d41d8cd98f00b204e9800998ecf8427e02032024172823.jpg\",\"contentUrl\":\"https:\/\/www.dsm.com.br\/wp-content\/uploads\/2026\/01\/d41d8cd98f00b204e9800998ecf8427e02032024172823.jpg\",\"width\":900,\"height\":642},{\"@type\":\"BreadcrumbList\",\"@id\":\"https:\/\/www.dsm.com.br\/en\/produto\/plastics-machinery\/vertical-closing-injection-molding-machines\/yt-series\/#breadcrumb\",\"itemListElement\":[{\"@type\":\"ListItem\",\"position\":1,\"name\":\"In\u00edcio\",\"item\":\"https:\/\/www.dsm.com.br\/en\/\"},{\"@type\":\"ListItem\",\"position\":2,\"name\":\"Products\",\"item\":\"https:\/\/www.dsm.com.br\/en\/shop\/\"},{\"@type\":\"ListItem\",\"position\":3,\"name\":\"YT Series\"}]},{\"@type\":\"WebSite\",\"@id\":\"https:\/\/www.dsm.com.br\/en\/#website\",\"url\":\"https:\/\/www.dsm.com.br\/en\/\",\"name\":\"DSM M\u00e1quinas\",\"description\":\"\",\"potentialAction\":[{\"@type\":\"SearchAction\",\"target\":{\"@type\":\"EntryPoint\",\"urlTemplate\":\"https:\/\/www.dsm.com.br\/en\/?s={search_term_string}\"},\"query-input\":{\"@type\":\"PropertyValueSpecification\",\"valueRequired\":true,\"valueName\":\"search_term_string\"}}],\"inLanguage\":\"en-US\"}]}<\/script>\n<!-- \/ Yoast SEO plugin. -->","yoast_head_json":{"title":"YT Series - DSM M\u00e1quinas","robots":{"index":"index","follow":"follow","max-snippet":"max-snippet:-1","max-image-preview":"max-image-preview:large","max-video-preview":"max-video-preview:-1"},"canonical":"https:\/\/www.dsm.com.br\/en\/produto\/plastics-machinery\/vertical-closing-injection-molding-machines\/yt-series\/","og_locale":"en_US","og_type":"article","og_title":"YT Series - DSM M\u00e1quinas","og_description":"Clamping Force: 60ton ~ 90ton ~ 120ton ~ 160ton ~ 200ton ~ 250ton ~ 350ton Threads: \u00d832 ~ \u00d834 ~ \u00d838 ~ \u00d840 ~ \u00d842 ~ \u00d846 ~ \u00d850 ~ \u00d855 ~ \u00d865mm ~ \u00d870mm Tables: Fixed (V), 2 Positions (2s)","og_url":"https:\/\/www.dsm.com.br\/en\/produto\/plastics-machinery\/vertical-closing-injection-molding-machines\/yt-series\/","og_site_name":"DSM M\u00e1quinas","og_image":[{"width":900,"height":642,"url":"https:\/\/www.dsm.com.br\/wp-content\/uploads\/2026\/01\/d41d8cd98f00b204e9800998ecf8427e02032024172823.jpg","type":"image\/jpeg"}],"twitter_card":"summary_large_image","schema":{"@context":"https:\/\/schema.org","@graph":[{"@type":"WebPage","@id":"https:\/\/www.dsm.com.br\/en\/produto\/plastics-machinery\/vertical-closing-injection-molding-machines\/yt-series\/","url":"https:\/\/www.dsm.com.br\/en\/produto\/plastics-machinery\/vertical-closing-injection-molding-machines\/yt-series\/","name":"YT Series - DSM M\u00e1quinas","isPartOf":{"@id":"https:\/\/www.dsm.com.br\/en\/#website"},"primaryImageOfPage":{"@id":"https:\/\/www.dsm.com.br\/en\/produto\/plastics-machinery\/vertical-closing-injection-molding-machines\/yt-series\/#primaryimage"},"image":{"@id":"https:\/\/www.dsm.com.br\/en\/produto\/plastics-machinery\/vertical-closing-injection-molding-machines\/yt-series\/#primaryimage"},"thumbnailUrl":"https:\/\/www.dsm.com.br\/wp-content\/uploads\/2026\/01\/d41d8cd98f00b204e9800998ecf8427e02032024172823.jpg","datePublished":"2026-01-14T14:57:26+00:00","breadcrumb":{"@id":"https:\/\/www.dsm.com.br\/en\/produto\/plastics-machinery\/vertical-closing-injection-molding-machines\/yt-series\/#breadcrumb"},"inLanguage":"en-US","potentialAction":[{"@type":"ReadAction","target":["https:\/\/www.dsm.com.br\/en\/produto\/plastics-machinery\/vertical-closing-injection-molding-machines\/yt-series\/"]}]},{"@type":"ImageObject","inLanguage":"en-US","@id":"https:\/\/www.dsm.com.br\/en\/produto\/plastics-machinery\/vertical-closing-injection-molding-machines\/yt-series\/#primaryimage","url":"https:\/\/www.dsm.com.br\/wp-content\/uploads\/2026\/01\/d41d8cd98f00b204e9800998ecf8427e02032024172823.jpg","contentUrl":"https:\/\/www.dsm.com.br\/wp-content\/uploads\/2026\/01\/d41d8cd98f00b204e9800998ecf8427e02032024172823.jpg","width":900,"height":642},{"@type":"BreadcrumbList","@id":"https:\/\/www.dsm.com.br\/en\/produto\/plastics-machinery\/vertical-closing-injection-molding-machines\/yt-series\/#breadcrumb","itemListElement":[{"@type":"ListItem","position":1,"name":"In\u00edcio","item":"https:\/\/www.dsm.com.br\/en\/"},{"@type":"ListItem","position":2,"name":"Products","item":"https:\/\/www.dsm.com.br\/en\/shop\/"},{"@type":"ListItem","position":3,"name":"YT Series"}]},{"@type":"WebSite","@id":"https:\/\/www.dsm.com.br\/en\/#website","url":"https:\/\/www.dsm.com.br\/en\/","name":"DSM M\u00e1quinas","description":"","potentialAction":[{"@type":"SearchAction","target":{"@type":"EntryPoint","urlTemplate":"https:\/\/www.dsm.com.br\/en\/?s={search_term_string}"},"query-input":{"@type":"PropertyValueSpecification","valueRequired":true,"valueName":"search_term_string"}}],"inLanguage":"en-US"}]}},"_links":{"self":[{"href":"https:\/\/www.dsm.com.br\/en\/wp-json\/wp\/v2\/product\/6433","targetHints":{"allow":["GET"]}}],"collection":[{"href":"https:\/\/www.dsm.com.br\/en\/wp-json\/wp\/v2\/product"}],"about":[{"href":"https:\/\/www.dsm.com.br\/en\/wp-json\/wp\/v2\/types\/product"}],"replies":[{"embeddable":true,"href":"https:\/\/www.dsm.com.br\/en\/wp-json\/wp\/v2\/comments?post=6433"}],"wp:featuredmedia":[{"embeddable":true,"href":"https:\/\/www.dsm.com.br\/en\/wp-json\/wp\/v2\/media\/3763"}],"wp:attachment":[{"href":"https:\/\/www.dsm.com.br\/en\/wp-json\/wp\/v2\/media?parent=6433"}],"wp:term":[{"taxonomy":"product_brand","embeddable":true,"href":"https:\/\/www.dsm.com.br\/en\/wp-json\/wp\/v2\/product_brand?post=6433"},{"taxonomy":"product_cat","embeddable":true,"href":"https:\/\/www.dsm.com.br\/en\/wp-json\/wp\/v2\/product_cat?post=6433"},{"taxonomy":"product_tag","embeddable":true,"href":"https:\/\/www.dsm.com.br\/en\/wp-json\/wp\/v2\/product_tag?post=6433"}],"curies":[{"name":"wp","href":"https:\/\/api.w.org\/{rel}","templated":true}]}}