{"id":5870,"date":"2026-01-21T15:22:48","date_gmt":"2026-01-21T18:22:48","guid":{"rendered":"https:\/\/www.dsm.com.br\/produto\/uncategorized\/smart-pro-from-12000-to-20000w\/"},"modified":"2026-01-21T15:22:48","modified_gmt":"2026-01-21T18:22:48","slug":"smart-pro-from-12000-to-20000w","status":"publish","type":"product","link":"https:\/\/www.dsm.com.br\/en\/produto\/metal-machinery\/laser-machines\/laser-cutting-machine-for-sheet-metal\/smart-pro-from-12000-to-20000w\/","title":{"rendered":"SMART PRO+ | FROM 12,000 TO 20,000W"},"content":{"rendered":"<p>Smart Pro+ Series Sheet Metal Laser Cutting MachineSmart 3015Pro+ Double Cabin<\/p>\n<p>Table &#8211; 3048\u00d71524mm<\/p>\n<p>Smart 4015Pro+ &#8211; 4064\u00d71524mm<\/p>\n<p>Smart 4020Pro+ &#8211; 4064\u00d72032mm<\/p>\n<p>Smart 6025Pro +- 6096\u00d72540mm<\/p>\n<p>Speed: 120m\/min &#8211; Acceleration from 1.2 to 2.0G<\/p>\n","protected":false},"excerpt":{"rendered":"<p>Smart Pro+ Series Sheet Metal Laser Cutting MachineSmart 3015Pro+ Double Cabin Table &#8211; 3048\u00d71524mm Smart 4015Pro+ &#8211; 4064\u00d71524mm Smart 4020Pro+ &#8211; 4064\u00d72032mm Smart 6025Pro +- 6096\u00d72540mm Speed: 120m\/min &#8211; Acceleration from 1.2 to 2.0G<\/p>\n","protected":false},"featured_media":3280,"comment_status":"open","ping_status":"closed","template":"","meta":{"_acf_changed":false},"product_brand":[],"product_cat":[492],"product_tag":[],"class_list":{"0":"post-5870","1":"product","2":"type-product","3":"status-publish","4":"has-post-thumbnail","6":"product_cat-laser-cutting-machine-for-sheet-metal","8":"first","9":"instock","10":"taxable","11":"shipping-taxable","12":"product-type-simple"},"acf":[],"yoast_head":"<!-- This site is optimized with the Yoast SEO plugin v27.0 - https:\/\/yoast.com\/product\/yoast-seo-wordpress\/ -->\n<title>SMART PRO+ | FROM 12,000 TO 20,000W - DSM M\u00e1quinas<\/title>\n<meta name=\"robots\" content=\"index, follow, max-snippet:-1, max-image-preview:large, max-video-preview:-1\" \/>\n<link rel=\"canonical\" href=\"https:\/\/www.dsm.com.br\/en\/produto\/metal-machinery\/laser-machines\/laser-cutting-machine-for-sheet-metal\/smart-pro-from-12000-to-20000w\/\" \/>\n<meta property=\"og:locale\" content=\"en_US\" \/>\n<meta property=\"og:type\" content=\"article\" \/>\n<meta property=\"og:title\" content=\"SMART PRO+ | FROM 12,000 TO 20,000W - DSM M\u00e1quinas\" \/>\n<meta property=\"og:description\" content=\"Smart Pro+ Series Sheet Metal Laser Cutting MachineSmart 3015Pro+ Double Cabin Table &#8211; 3048\u00d71524mm Smart 4015Pro+ &#8211; 4064\u00d71524mm Smart 4020Pro+ &#8211; 4064\u00d72032mm Smart 6025Pro +- 6096\u00d72540mm Speed: 120m\/min &#8211; Acceleration from 1.2 to 2.0G\" \/>\n<meta property=\"og:url\" content=\"https:\/\/www.dsm.com.br\/en\/produto\/metal-machinery\/laser-machines\/laser-cutting-machine-for-sheet-metal\/smart-pro-from-12000-to-20000w\/\" \/>\n<meta property=\"og:site_name\" content=\"DSM M\u00e1quinas\" \/>\n<meta property=\"og:image\" content=\"https:\/\/www.dsm.com.br\/wp-content\/uploads\/2026\/01\/SMART6025PRO.jpg\" \/>\n\t<meta property=\"og:image:width\" content=\"1186\" \/>\n\t<meta property=\"og:image:height\" content=\"598\" \/>\n\t<meta property=\"og:image:type\" content=\"image\/jpeg\" \/>\n<meta name=\"twitter:card\" content=\"summary_large_image\" \/>\n<script type=\"application\/ld+json\" class=\"yoast-schema-graph\">{\"@context\":\"https:\/\/schema.org\",\"@graph\":[{\"@type\":\"WebPage\",\"@id\":\"https:\/\/www.dsm.com.br\/en\/produto\/metal-machinery\/laser-machines\/laser-cutting-machine-for-sheet-metal\/smart-pro-from-12000-to-20000w\/\",\"url\":\"https:\/\/www.dsm.com.br\/en\/produto\/metal-machinery\/laser-machines\/laser-cutting-machine-for-sheet-metal\/smart-pro-from-12000-to-20000w\/\",\"name\":\"SMART PRO+ | FROM 12,000 TO 20,000W - DSM M\u00e1quinas\",\"isPartOf\":{\"@id\":\"https:\/\/www.dsm.com.br\/en\/#website\"},\"primaryImageOfPage\":{\"@id\":\"https:\/\/www.dsm.com.br\/en\/produto\/metal-machinery\/laser-machines\/laser-cutting-machine-for-sheet-metal\/smart-pro-from-12000-to-20000w\/#primaryimage\"},\"image\":{\"@id\":\"https:\/\/www.dsm.com.br\/en\/produto\/metal-machinery\/laser-machines\/laser-cutting-machine-for-sheet-metal\/smart-pro-from-12000-to-20000w\/#primaryimage\"},\"thumbnailUrl\":\"https:\/\/www.dsm.com.br\/wp-content\/uploads\/2026\/01\/SMART6025PRO.jpg\",\"datePublished\":\"2026-01-21T18:22:48+00:00\",\"breadcrumb\":{\"@id\":\"https:\/\/www.dsm.com.br\/en\/produto\/metal-machinery\/laser-machines\/laser-cutting-machine-for-sheet-metal\/smart-pro-from-12000-to-20000w\/#breadcrumb\"},\"inLanguage\":\"en-US\",\"potentialAction\":[{\"@type\":\"ReadAction\",\"target\":[\"https:\/\/www.dsm.com.br\/en\/produto\/metal-machinery\/laser-machines\/laser-cutting-machine-for-sheet-metal\/smart-pro-from-12000-to-20000w\/\"]}]},{\"@type\":\"ImageObject\",\"inLanguage\":\"en-US\",\"@id\":\"https:\/\/www.dsm.com.br\/en\/produto\/metal-machinery\/laser-machines\/laser-cutting-machine-for-sheet-metal\/smart-pro-from-12000-to-20000w\/#primaryimage\",\"url\":\"https:\/\/www.dsm.com.br\/wp-content\/uploads\/2026\/01\/SMART6025PRO.jpg\",\"contentUrl\":\"https:\/\/www.dsm.com.br\/wp-content\/uploads\/2026\/01\/SMART6025PRO.jpg\",\"width\":1186,\"height\":598},{\"@type\":\"BreadcrumbList\",\"@id\":\"https:\/\/www.dsm.com.br\/en\/produto\/metal-machinery\/laser-machines\/laser-cutting-machine-for-sheet-metal\/smart-pro-from-12000-to-20000w\/#breadcrumb\",\"itemListElement\":[{\"@type\":\"ListItem\",\"position\":1,\"name\":\"In\u00edcio\",\"item\":\"https:\/\/www.dsm.com.br\/en\/\"},{\"@type\":\"ListItem\",\"position\":2,\"name\":\"Products\",\"item\":\"https:\/\/www.dsm.com.br\/en\/shop\/\"},{\"@type\":\"ListItem\",\"position\":3,\"name\":\"SMART PRO+ | FROM 12,000 TO 20,000W\"}]},{\"@type\":\"WebSite\",\"@id\":\"https:\/\/www.dsm.com.br\/en\/#website\",\"url\":\"https:\/\/www.dsm.com.br\/en\/\",\"name\":\"DSM M\u00e1quinas\",\"description\":\"\",\"potentialAction\":[{\"@type\":\"SearchAction\",\"target\":{\"@type\":\"EntryPoint\",\"urlTemplate\":\"https:\/\/www.dsm.com.br\/en\/?s={search_term_string}\"},\"query-input\":{\"@type\":\"PropertyValueSpecification\",\"valueRequired\":true,\"valueName\":\"search_term_string\"}}],\"inLanguage\":\"en-US\"}]}<\/script>\n<!-- \/ Yoast SEO plugin. -->","yoast_head_json":{"title":"SMART PRO+ | FROM 12,000 TO 20,000W - DSM M\u00e1quinas","robots":{"index":"index","follow":"follow","max-snippet":"max-snippet:-1","max-image-preview":"max-image-preview:large","max-video-preview":"max-video-preview:-1"},"canonical":"https:\/\/www.dsm.com.br\/en\/produto\/metal-machinery\/laser-machines\/laser-cutting-machine-for-sheet-metal\/smart-pro-from-12000-to-20000w\/","og_locale":"en_US","og_type":"article","og_title":"SMART PRO+ | FROM 12,000 TO 20,000W - DSM M\u00e1quinas","og_description":"Smart Pro+ Series Sheet Metal Laser Cutting MachineSmart 3015Pro+ Double Cabin Table &#8211; 3048\u00d71524mm Smart 4015Pro+ &#8211; 4064\u00d71524mm Smart 4020Pro+ &#8211; 4064\u00d72032mm Smart 6025Pro +- 6096\u00d72540mm Speed: 120m\/min &#8211; Acceleration from 1.2 to 2.0G","og_url":"https:\/\/www.dsm.com.br\/en\/produto\/metal-machinery\/laser-machines\/laser-cutting-machine-for-sheet-metal\/smart-pro-from-12000-to-20000w\/","og_site_name":"DSM M\u00e1quinas","og_image":[{"width":1186,"height":598,"url":"https:\/\/www.dsm.com.br\/wp-content\/uploads\/2026\/01\/SMART6025PRO.jpg","type":"image\/jpeg"}],"twitter_card":"summary_large_image","schema":{"@context":"https:\/\/schema.org","@graph":[{"@type":"WebPage","@id":"https:\/\/www.dsm.com.br\/en\/produto\/metal-machinery\/laser-machines\/laser-cutting-machine-for-sheet-metal\/smart-pro-from-12000-to-20000w\/","url":"https:\/\/www.dsm.com.br\/en\/produto\/metal-machinery\/laser-machines\/laser-cutting-machine-for-sheet-metal\/smart-pro-from-12000-to-20000w\/","name":"SMART PRO+ | FROM 12,000 TO 20,000W - DSM M\u00e1quinas","isPartOf":{"@id":"https:\/\/www.dsm.com.br\/en\/#website"},"primaryImageOfPage":{"@id":"https:\/\/www.dsm.com.br\/en\/produto\/metal-machinery\/laser-machines\/laser-cutting-machine-for-sheet-metal\/smart-pro-from-12000-to-20000w\/#primaryimage"},"image":{"@id":"https:\/\/www.dsm.com.br\/en\/produto\/metal-machinery\/laser-machines\/laser-cutting-machine-for-sheet-metal\/smart-pro-from-12000-to-20000w\/#primaryimage"},"thumbnailUrl":"https:\/\/www.dsm.com.br\/wp-content\/uploads\/2026\/01\/SMART6025PRO.jpg","datePublished":"2026-01-21T18:22:48+00:00","breadcrumb":{"@id":"https:\/\/www.dsm.com.br\/en\/produto\/metal-machinery\/laser-machines\/laser-cutting-machine-for-sheet-metal\/smart-pro-from-12000-to-20000w\/#breadcrumb"},"inLanguage":"en-US","potentialAction":[{"@type":"ReadAction","target":["https:\/\/www.dsm.com.br\/en\/produto\/metal-machinery\/laser-machines\/laser-cutting-machine-for-sheet-metal\/smart-pro-from-12000-to-20000w\/"]}]},{"@type":"ImageObject","inLanguage":"en-US","@id":"https:\/\/www.dsm.com.br\/en\/produto\/metal-machinery\/laser-machines\/laser-cutting-machine-for-sheet-metal\/smart-pro-from-12000-to-20000w\/#primaryimage","url":"https:\/\/www.dsm.com.br\/wp-content\/uploads\/2026\/01\/SMART6025PRO.jpg","contentUrl":"https:\/\/www.dsm.com.br\/wp-content\/uploads\/2026\/01\/SMART6025PRO.jpg","width":1186,"height":598},{"@type":"BreadcrumbList","@id":"https:\/\/www.dsm.com.br\/en\/produto\/metal-machinery\/laser-machines\/laser-cutting-machine-for-sheet-metal\/smart-pro-from-12000-to-20000w\/#breadcrumb","itemListElement":[{"@type":"ListItem","position":1,"name":"In\u00edcio","item":"https:\/\/www.dsm.com.br\/en\/"},{"@type":"ListItem","position":2,"name":"Products","item":"https:\/\/www.dsm.com.br\/en\/shop\/"},{"@type":"ListItem","position":3,"name":"SMART PRO+ | FROM 12,000 TO 20,000W"}]},{"@type":"WebSite","@id":"https:\/\/www.dsm.com.br\/en\/#website","url":"https:\/\/www.dsm.com.br\/en\/","name":"DSM M\u00e1quinas","description":"","potentialAction":[{"@type":"SearchAction","target":{"@type":"EntryPoint","urlTemplate":"https:\/\/www.dsm.com.br\/en\/?s={search_term_string}"},"query-input":{"@type":"PropertyValueSpecification","valueRequired":true,"valueName":"search_term_string"}}],"inLanguage":"en-US"}]}},"_links":{"self":[{"href":"https:\/\/www.dsm.com.br\/en\/wp-json\/wp\/v2\/product\/5870","targetHints":{"allow":["GET"]}}],"collection":[{"href":"https:\/\/www.dsm.com.br\/en\/wp-json\/wp\/v2\/product"}],"about":[{"href":"https:\/\/www.dsm.com.br\/en\/wp-json\/wp\/v2\/types\/product"}],"replies":[{"embeddable":true,"href":"https:\/\/www.dsm.com.br\/en\/wp-json\/wp\/v2\/comments?post=5870"}],"wp:featuredmedia":[{"embeddable":true,"href":"https:\/\/www.dsm.com.br\/en\/wp-json\/wp\/v2\/media\/3280"}],"wp:attachment":[{"href":"https:\/\/www.dsm.com.br\/en\/wp-json\/wp\/v2\/media?parent=5870"}],"wp:term":[{"taxonomy":"product_brand","embeddable":true,"href":"https:\/\/www.dsm.com.br\/en\/wp-json\/wp\/v2\/product_brand?post=5870"},{"taxonomy":"product_cat","embeddable":true,"href":"https:\/\/www.dsm.com.br\/en\/wp-json\/wp\/v2\/product_cat?post=5870"},{"taxonomy":"product_tag","embeddable":true,"href":"https:\/\/www.dsm.com.br\/en\/wp-json\/wp\/v2\/product_tag?post=5870"}],"curies":[{"name":"wp","href":"https:\/\/api.w.org\/{rel}","templated":true}]}}